{"id":4919,"date":"2023-02-27T11:28:52","date_gmt":"2023-02-27T11:28:52","guid":{"rendered":"https:\/\/guryapi.com\/?page_id=4919"},"modified":"2023-04-13T11:00:59","modified_gmt":"2023-04-13T11:00:59","slug":"restorasyon","status":"publish","type":"page","link":"https:\/\/guryapi.com\/ru\/restorasyon\/","title":{"rendered":"\u0420\u0435\u0441\u0442\u0430\u0432\u0440\u0430\u0446\u0438\u044f"},"content":{"rendered":"<div data-elementor-type=\"wp-page\" data-elementor-id=\"4919\" class=\"elementor elementor-4919\">\n\t\t\t\t\t\t<section class=\"elementor-section elementor-top-section elementor-element elementor-element-52b987b elementor-section-boxed elementor-section-height-default elementor-section-height-default\" data-id=\"52b987b\" data-element_type=\"section\">\n\t\t\t\t\t\t<div class=\"elementor-container elementor-column-gap-default\">\n\t\t\t\t\t<div class=\"elementor-column elementor-col-50 elementor-top-column elementor-element elementor-element-52267985\" data-id=\"52267985\" data-element_type=\"column\">\n\t\t\t<div class=\"elementor-widget-wrap elementor-element-populated\">\n\t\t\t\t\t\t<div class=\"elementor-element elementor-element-592b329e elementor-widget elementor-widget-apus_element_banner\" data-id=\"592b329e\" data-element_type=\"widget\" data-widget_type=\"apus_element_banner.default\">\n\t\t\t\t<div class=\"elementor-widget-container\">\n\t\t\t        <div class=\"widget-banner  style1\">\n                            <div class=\"banner-image-bg\" style=\"background-image:url(https:\/\/guryapi.com\/wp-content\/uploads\/2023\/02\/ortakoy-mosque-at-night-2021-08-27-17-07-40-utc-1-scaled.jpg)\"><\/div>                   \n            \n            <div class=\"widget-banner-inner\">\n                                <div class=\"widget-banner-content\">\n                                    <\/div>\n                            <\/div>\n        <\/div>\n        \t\t<\/div>\n\t\t\t\t<\/div>\n\t\t\t\t\t<\/div>\n\t\t<\/div>\n\t\t\t\t<div class=\"elementor-column elementor-col-50 elementor-top-column elementor-element elementor-element-17a8e9cd\" data-id=\"17a8e9cd\" data-element_type=\"column\">\n\t\t\t<div class=\"elementor-widget-wrap elementor-element-populated\">\n\t\t\t\t\t\t<div class=\"elementor-element elementor-element-41575ee7 elementor-widget elementor-widget-apus_element_call_to_action\" data-id=\"41575ee7\" data-element_type=\"widget\" data-widget_type=\"apus_element_call_to_action.default\">\n\t\t\t\t<div class=\"elementor-widget-container\">\n\t\t\t        <div class=\"widget-action  vertical\">\n            <div class=\"inner\">\n                <div class=\"item-left\">\n                                                                <div class=\"description\">\n                            <p style=\"font-weight: 400\">G\u00fcryap\u0131 \u0443\u0436\u0435 \u0431\u043e\u043b\u0435\u0435 20 \u043b\u0435\u0442 \u0432\u0445\u043e\u0434\u0438\u0442 \u0432 \u0447\u0438\u0441\u043b\u043e \u0432\u0435\u0434\u0443\u0449\u0438\u0445 \u043a\u043e\u043c\u043f\u0430\u043d\u0438\u0439 \u0441\u0435\u043a\u0442\u043e\u0440\u0430 \u043a\u043e\u043d\u0441\u0435\u0440\u0432\u0430\u0446\u0438\u0438 \u0438 \u0440\u0435\u0441\u0442\u0430\u0432\u0440\u0430\u0446\u0438\u0438 \u0432 \u0422\u0443\u0440\u0446\u0438\u0438 \u0438 \u043d\u0430 \u043c\u0435\u0436\u0434\u0443\u043d\u0430\u0440\u043e\u0434\u043d\u043e\u043c \u0440\u044b\u043d\u043a\u0435 \u0441 \u0435\u0433\u043e \u0440\u0435\u0441\u0442\u0430\u0432\u0440\u0430\u0446\u0438\u043e\u043d\u043d\u044b\u043c\u0438 \u0440\u0430\u0431\u043e\u0442\u0430\u043c\u0438.<\/p><p>\u041e\u0442 \u0446\u0435\u0440\u043a\u043e\u0432\u043d\u043e\u0439 \u043c\u0435\u0447\u0435\u0442\u0438 \u0411\u0430\u0440\u0445\u0430\u043b 9-\u0433\u043e \u0432\u0435\u043a\u0430 \u0434\u043e \u043a\u043b\u0430\u0441\u0441\u0438\u0447\u0435\u0441\u043a\u043e\u0433\u043e \u043f\u0435\u0440\u0438\u043e\u0434\u0430 16-\u0433\u043e \u0432\u0435\u043a\u0430, \u043e\u0442 \u0440\u0430\u0431\u043e\u0442 \u043c\u0430\u0441\u0442\u0435\u0440\u043e\u0432 \u0438 \u043f\u043e\u0434\u043c\u0430\u0441\u0442\u0435\u0440\u044c\u0435\u0432 \u041c\u0438\u043c\u0430\u0440\u0430 \u0421\u0438\u043d\u0430\u043d\u0430 \u0434\u043e \u043e\u0441\u043e\u0431\u043d\u044f\u043a\u043e\u0432 \u0411\u043e\u0441\u0444\u043e\u0440\u0430 \u043f\u043e\u0437\u0434\u043d\u0435\u0433\u043e \u043f\u0435\u0440\u0438\u043e\u0434\u0430, \u043e\u0441\u043e\u0431\u043d\u044f\u043a\u043e\u0432 \u0438 \u0443\u043d\u0438\u0432\u0435\u0440\u0441\u0438\u0442\u0435\u0442\u0441\u043a\u0438\u0445 \u0437\u0434\u0430\u043d\u0438\u0439, \u043e\u0442 \u043f\u0440\u043e\u043c\u044b\u0448\u043b\u0435\u043d\u043d\u044b\u0445 \u0437\u0434\u0430\u043d\u0438\u0439 19-\u0433\u043e \u0432\u0435\u043a\u0430, G\u00fcryap\u0131 \u043f\u0435\u0440\u0435\u0434\u0430\u0435\u0442 \u0438\u0441\u0442\u043e\u0440\u0438\u0447\u0435\u0441\u043a\u0438\u0435 \u0438 \u043a\u0443\u043b\u044c\u0442\u0443\u0440\u043d\u044b\u0435 \u0446\u0435\u043d\u043d\u043e\u0441\u0442\u0438 \u0433\u043e\u0440\u043e\u0434\u0430 \u0431\u0443\u0434\u0443\u0449\u0438\u043c \u043f\u043e\u043a\u043e\u043b\u0435\u043d\u0438\u044f\u043c \u0441 \u043f\u043e\u043c\u043e\u0449\u044c\u044e \u0440\u0435\u0441\u0442\u0430\u0432\u0440\u0430\u0446\u0438\u043e\u043d\u043d\u044b\u0445 \u0440\u0430\u0431\u043e\u0442 \u043f\u0440\u043e\u0438\u0437\u0432\u0435\u0434\u0435\u043d\u0438\u0439 \u043a\u0430\u0436\u0434\u043e\u0433\u043e \u043f\u0435\u0440\u0438\u043e\u0434\u0430, \u0441\u0442\u0438\u043b\u044f \u0438 \u0442\u0438\u043f\u043e\u043b\u043e\u0433\u0438\u0438 \u043a\u0443\u043b\u044c\u0442\u0443\u0440\u043d\u043e\u0433\u043e \u043d\u0430\u0441\u043b\u0435\u0434\u0438\u044f \u0422\u0443\u0440\u0446\u0438\u0438.<\/p><p>\u0426\u0435\u043b\u044c \u0432\u043e\u0441\u0441\u0442\u0430\u043d\u043e\u0432\u043b\u0435\u043d\u0438\u044f \u0438\u0441\u0442\u043e\u0440\u0438\u0447\u0435\u0441\u043a\u0438\u0445 \u0437\u0434\u0430\u043d\u0438\u0439 - \u0441\u043e\u0445\u0440\u0430\u043d\u0438\u0442\u044c \u0438\u0445 \u043a\u0430\u043a \u0438\u0441\u0442\u043e\u0440\u0438\u0447\u0435\u0441\u043a\u0438\u0439 \u0434\u043e\u043a\u0443\u043c\u0435\u043d\u0442, \u0430 \u0442\u0430\u043a\u0436\u0435 \u043a\u0430\u043a \u043f\u0440\u043e\u0438\u0437\u0432\u0435\u0434\u0435\u043d\u0438\u0435 \u0438\u0441\u043a\u0443\u0441\u0441\u0442\u0432\u0430. \u041f\u0440\u0438 \u044d\u0442\u043e\u043c \u043c\u044b \u043f\u0440\u0438\u0434\u0435\u0440\u0436\u0438\u0432\u0430\u0435\u043c\u0441\u044f \u043f\u0440\u0438\u043d\u0446\u0438\u043f\u0430 \u043f\u0440\u0438\u043c\u0435\u043d\u0435\u043d\u0438\u044f \u043c\u0435\u0442\u043e\u0434\u043e\u0432 \u0438 \u043f\u043e\u0434\u0445\u043e\u0434\u043e\u0432, \u043e\u0441\u043d\u043e\u0432\u0430\u043d\u043d\u044b\u0445 \u043d\u0430 \u043c\u0435\u0436\u0434\u0443\u043d\u0430\u0440\u043e\u0434\u043d\u044b\u0445 \u043d\u043e\u0440\u043c\u0430\u0445 \u0438 \u043f\u0440\u0438\u043d\u0446\u0438\u043f\u0430\u0445 \u043d\u0430 \u043e\u0441\u043d\u043e\u0432\u0435 \u043d\u0430\u0443\u043a\u0438.<\/p><p>Biliyoruz ki an\u0131t eserler, tan\u0131kl\u0131k etti\u011fi tarihin ve i\u00e7inde bulundu\u011fu ortam\u0131n ayr\u0131lmaz bir par\u00e7as\u0131d\u0131r. Bir yap\u0131y\u0131 restore ederek yaln\u0131zca \u015fehre yeniden kazand\u0131rm\u0131\u015f olmuyor, bu sayede toplumsal belle\u011fi de canl\u0131 tutuyor ve besliyoruz.\u00a0<\/p>                        <\/div>\n                                    <\/div>\n                                    <div class=\"action\">\n                        <a class=\"btn btn-default\" href=\"https:\/\/guryapi.com\/ru\/proje-kategorisi\/restorasyon\/\">\u041d\u0430\u0448\u0438 \u043f\u0440\u043e\u0435\u043a\u0442\u044b<\/a>\n                    <\/div>\n                            <\/div>\n        <\/div>\n        \t\t<\/div>\n\t\t\t\t<\/div>\n\t\t\t\t\t<\/div>\n\t\t<\/div>\n\t\t\t\t\t<\/div>\n\t\t<\/section>\n\t\t\t\t<section class=\"elementor-section elementor-top-section elementor-element elementor-element-9d625df elementor-section-boxed elementor-section-height-default elementor-section-height-default\" data-id=\"9d625df\" data-element_type=\"section\">\n\t\t\t\t\t\t<div class=\"elementor-container elementor-column-gap-default\">\n\t\t\t\t\t<div class=\"elementor-column elementor-col-100 elementor-top-column elementor-element elementor-element-981a1e9\" data-id=\"981a1e9\" data-element_type=\"column\">\n\t\t\t<div class=\"elementor-widget-wrap elementor-element-populated\">\n\t\t\t\t\t\t<div class=\"elementor-element elementor-element-0869af2 elementor-widget elementor-widget-spacer\" data-id=\"0869af2\" data-element_type=\"widget\" data-widget_type=\"spacer.default\">\n\t\t\t\t<div class=\"elementor-widget-container\">\n\t\t\t\t\t<div class=\"elementor-spacer\">\n\t\t\t<div class=\"elementor-spacer-inner\"><\/div>\n\t\t<\/div>\n\t\t\t\t<\/div>\n\t\t\t\t<\/div>\n\t\t\t\t\t<\/div>\n\t\t<\/div>\n\t\t\t\t\t<\/div>\n\t\t<\/section>\n\t\t\t\t<\/div>","protected":false},"excerpt":{"rendered":"<p>G\u00fcryap\u0131, restorasyon \u00e7al\u0131\u015fmalar\u0131yla T\u00fcrkiye\u2019de ve uluslararas\u0131 piyasada 20 y\u0131l\u0131 a\u015fk\u0131n bir s\u00fcredir koruma ve onarma sekt\u00f6r\u00fcn\u00fcn lider kurulu\u015flar\u0131 aras\u0131nda yer almaktad\u0131r. 9. Y\u00fczy\u0131lda in\u015fa edilmi\u015f Barhal Kilise Camii\u2019nden, 16. y\u00fczy\u0131la ait klasik d\u00f6neme, Mimar Sinan&#8217;\u0131n ustal\u0131k ve kalfal\u0131k eserlerinden, ge\u00e7 d\u00f6nem bo\u011faz yal\u0131lar\u0131, k\u00f6\u015fkler ve \u00fcniversite binalar\u0131na, 19. y\u00fczy\u0131ldan miras end\u00fcstriyel yap\u0131lara kadar, T\u00fcrkiye k\u00fclt\u00fcr &hellip; <br \/><a href=\"https:\/\/guryapi.com\/ru\/restorasyon\/\" class=\"more-link\">Continue reading <span class=\"screen-reader-text\">\u0420\u0435\u0441\u0442\u0430\u0432\u0440\u0430\u0446\u0438\u044f<\/span><\/a><\/p>","protected":false},"author":1,"featured_media":0,"parent":0,"menu_order":0,"comment_status":"closed","ping_status":"closed","template":"","meta":{"ngg_post_thumbnail":0,"footnotes":""},"class_list":["post-4919","page","type-page","status-publish","hentry"],"_links":{"self":[{"href":"https:\/\/guryapi.com\/ru\/wp-json\/wp\/v2\/pages\/4919","targetHints":{"allow":["GET"]}}],"collection":[{"href":"https:\/\/guryapi.com\/ru\/wp-json\/wp\/v2\/pages"}],"about":[{"href":"https:\/\/guryapi.com\/ru\/wp-json\/wp\/v2\/types\/page"}],"author":[{"embeddable":true,"href":"https:\/\/guryapi.com\/ru\/wp-json\/wp\/v2\/users\/1"}],"replies":[{"embeddable":true,"href":"https:\/\/guryapi.com\/ru\/wp-json\/wp\/v2\/comments?post=4919"}],"version-history":[{"count":24,"href":"https:\/\/guryapi.com\/ru\/wp-json\/wp\/v2\/pages\/4919\/revisions"}],"predecessor-version":[{"id":5109,"href":"https:\/\/guryapi.com\/ru\/wp-json\/wp\/v2\/pages\/4919\/revisions\/5109"}],"wp:attachment":[{"href":"https:\/\/guryapi.com\/ru\/wp-json\/wp\/v2\/media?parent=4919"}],"curies":[{"name":"wp","href":"https:\/\/api.w.org\/{rel}","templated":true}]}}