{"id":4218,"date":"2023-02-09T14:15:37","date_gmt":"2023-02-09T14:15:37","guid":{"rendered":"https:\/\/guryapi.com\/?page_id=4218"},"modified":"2023-02-22T14:38:48","modified_gmt":"2023-02-22T14:38:48","slug":"kariyer","status":"publish","type":"page","link":"https:\/\/guryapi.com\/ru\/kariyer\/","title":{"rendered":"\u041a\u0430\u0440\u044c\u0435\u0440\u0430"},"content":{"rendered":"<div data-elementor-type=\"wp-page\" data-elementor-id=\"4218\" class=\"elementor elementor-4218\">\n\t\t\t\t\t\t<section class=\"elementor-section elementor-top-section elementor-element elementor-element-4fcf55e elementor-section-boxed elementor-section-height-default elementor-section-height-default\" data-id=\"4fcf55e\" data-element_type=\"section\">\n\t\t\t\t\t\t<div class=\"elementor-container elementor-column-gap-default\">\n\t\t\t\t\t<div class=\"elementor-column elementor-col-100 elementor-top-column elementor-element elementor-element-980c3d9\" data-id=\"980c3d9\" data-element_type=\"column\">\n\t\t\t<div class=\"elementor-widget-wrap elementor-element-populated\">\n\t\t\t\t\t\t<div class=\"elementor-element elementor-element-b1b3d05 elementor-widget elementor-widget-text-editor\" data-id=\"b1b3d05\" data-element_type=\"widget\" data-widget_type=\"text-editor.default\">\n\t\t\t\t<div class=\"elementor-widget-container\">\n\t\t\t\t\t\t\t<p><strong>G\u00fcryap\u0131<\/strong>\u041e\u0441\u043d\u043e\u0432\u043e\u043f\u043e\u043b\u0430\u0433\u0430\u044e\u0449\u0438\u043c \u0444\u0430\u043a\u0442\u043e\u0440\u043e\u043c \u0442\u043e\u0433\u043e, \u0447\u0442\u043e G\u00fcryap\u0131 \u0441\u0442\u0430\u043b\u0430 \u043e\u0434\u043d\u043e\u0439 \u0438\u0437 \u0432\u0435\u0434\u0443\u0449\u0438\u0445 \u043a\u043e\u043c\u043f\u0430\u043d\u0438\u0439 \u0432 \u043e\u0442\u0440\u0430\u0441\u043b\u0438, \u044f\u0432\u043b\u044f\u0435\u0442\u0441\u044f \u043a\u043e\u043c\u0430\u043d\u0434\u043d\u044b\u0439 \u0434\u0443\u0445, \u043a\u043e\u0442\u043e\u0440\u044b\u0439 \u0441\u043e\u0445\u0440\u0430\u043d\u044f\u0435\u0442\u0441\u044f \u0441\u043e \u0434\u043d\u044f \u0435\u0435 \u043e\u0441\u043d\u043e\u0432\u0430\u043d\u0438\u044f. \u0414\u043b\u044f \u0442\u043e\u0433\u043e \u0447\u0442\u043e\u0431\u044b \u0441\u043e\u0445\u0440\u0430\u043d\u0438\u0442\u044c \u044d\u0442\u043e\u0442 \u0434\u0443\u0445 \u0432 \u0431\u0443\u0434\u0443\u0449\u0435\u043c \u0442\u0430\u043a\u0438\u043c \u0436\u0435, \u043a\u0430\u043a\u0438\u043c \u043e\u043d \u044f\u0432\u043b\u044f\u0435\u0442\u0441\u044f \u0441\u0435\u0433\u043e\u0434\u043d\u044f, \u043c\u044b \u0434\u0438\u0432\u0435\u0440\u0441\u0438\u0444\u0438\u0446\u0438\u0440\u0443\u0435\u043c \u043d\u0430\u0448\u0443 \u043a\u0430\u0434\u0440\u043e\u0432\u0443\u044e \u043f\u0440\u0430\u043a\u0442\u0438\u043a\u0443 \u043f\u0430\u0440\u0430\u043b\u043b\u0435\u043b\u044c\u043d\u043e \u0441 \u0440\u043e\u0441\u0442\u043e\u043c, \u0440\u0430\u0437\u0432\u0438\u0442\u0438\u0435\u043c \u0438 \u0438\u043d\u043d\u043e\u0432\u0430\u0446\u0438\u044f\u043c\u0438 \u0432 \u0441\u0442\u0440\u043e\u0438\u0442\u0435\u043b\u044c\u043d\u043e\u043c \u0441\u0435\u043a\u0442\u043e\u0440\u0435.<br \/><br \/>\u0130nsan\u0131 oda\u011f\u0131na alan, toplumsal ve k\u00fclt\u00fcrel de\u011ferlere sahip \u00e7\u0131kan kurum k\u00fclt\u00fcr\u00fcm\u00fczde i\u015fe al\u0131m s\u00fcre\u00e7leri, yenilik\u00e7i ve s\u00fcrd\u00fcr\u00fclebilir insan kaynaklar\u0131 uygulamalar\u0131yla hayata ge\u00e7mektedir.<br \/><br \/><strong>Hedefimiz;<\/strong> kurum de\u011ferlerini ve k\u00fclt\u00fcr\u00fcn\u00fc \u00f6n planda tutarak, gerekli pozisyonlar i\u00e7in en uygun ve y\u00fcksek profilli adaylar\u0131 de\u011ferlendirerek \u015firketimize kazand\u0131rmak ve ki\u015fisel mutluluklar\u0131n\u0131n g\u00f6zetildi\u011fi adil bir \u00e7al\u0131\u015fma ortam\u0131 yaratmakt\u0131r.<\/p>\t\t\t\t\t\t<\/div>\n\t\t\t\t<\/div>\n\t\t\t\t\t<\/div>\n\t\t<\/div>\n\t\t\t\t\t<\/div>\n\t\t<\/section>\n\t\t\t\t<section class=\"elementor-section elementor-top-section elementor-element elementor-element-7f25361 elementor-section-boxed elementor-section-height-default elementor-section-height-default\" data-id=\"7f25361\" data-element_type=\"section\">\n\t\t\t\t\t\t<div class=\"elementor-container elementor-column-gap-default\">\n\t\t\t\t\t<div class=\"elementor-column elementor-col-100 elementor-top-column elementor-element elementor-element-330569f\" data-id=\"330569f\" data-element_type=\"column\">\n\t\t\t<div class=\"elementor-widget-wrap elementor-element-populated\">\n\t\t\t\t\t\t<div class=\"elementor-element elementor-element-1099c70 elementor-widget elementor-widget-heading\" data-id=\"1099c70\" data-element_type=\"widget\" data-widget_type=\"heading.default\">\n\t\t\t\t<div class=\"elementor-widget-container\">\n\t\t\t<h2 class=\"elementor-heading-title elementor-size-default\">\u0424\u043e\u0440\u043c\u0430 \u0437\u0430\u044f\u0432\u043a\u0438<\/h2>\t\t<\/div>\n\t\t\t\t<\/div>\n\t\t\t\t\t<\/div>\n\t\t<\/div>\n\t\t\t\t\t<\/div>\n\t\t<\/section>\n\t\t\t\t<section class=\"elementor-section elementor-top-section elementor-element elementor-element-2396c3f elementor-section-boxed elementor-section-height-default elementor-section-height-default\" data-id=\"2396c3f\" data-element_type=\"section\">\n\t\t\t\t\t\t<div class=\"elementor-container elementor-column-gap-default\">\n\t\t\t\t\t<div class=\"elementor-column elementor-col-100 elementor-top-column elementor-element elementor-element-3535e00\" data-id=\"3535e00\" data-element_type=\"column\">\n\t\t\t<div class=\"elementor-widget-wrap elementor-element-populated\">\n\t\t\t\t\t\t<div class=\"elementor-element elementor-element-ec06b87 elementor-widget elementor-widget-text-editor\" data-id=\"ec06b87\" data-element_type=\"widget\" data-widget_type=\"text-editor.default\">\n\t\t\t\t<div class=\"elementor-widget-container\">\n\t\t\t\t\t\t\t<p>\n<div class=\"wpcf7 no-js\" id=\"wpcf7-f4227-o1\" lang=\"en-US\" dir=\"ltr\" data-wpcf7-id=\"4227\">\n<div class=\"screen-reader-response\"><p role=\"status\" aria-live=\"polite\" aria-atomic=\"true\"><\/p> <ul><\/ul><\/div>\n<form action=\"\/ru\/wp-json\/wp\/v2\/pages\/4218#wpcf7-f4227-o1\" method=\"post\" class=\"wpcf7-form init\" aria-label=\"Contact form\" enctype=\"multipart\/form-data\" novalidate=\"novalidate\" data-status=\"init\" data-trp-original-action=\"\/ru\/wp-json\/wp\/v2\/pages\/4218#wpcf7-f4227-o1\">\n<fieldset class=\"hidden-fields-container\"><input type=\"hidden\" name=\"_wpcf7\" value=\"4227\" \/><input type=\"hidden\" name=\"_wpcf7_version\" value=\"6.1.1\" \/><input type=\"hidden\" name=\"_wpcf7_locale\" value=\"en_US\" \/><input type=\"hidden\" name=\"_wpcf7_unit_tag\" value=\"wpcf7-f4227-o1\" \/><input type=\"hidden\" name=\"_wpcf7_container_post\" value=\"0\" \/><input type=\"hidden\" name=\"_wpcf7_posted_data_hash\" value=\"\" \/><input type=\"hidden\" name=\"_wpcf7_recaptcha_response\" value=\"\" \/>\n<\/fieldset>\n<div class=\"wpcf7-form-4\">\n\t<div class=\"row\">\n\t\t<div class=\"col-lg-6 col-md-6 col-sm-6 col-xs-12\">\n\t\t\t<p><label><span class=\"wpcf7-form-control-wrap\" data-name=\"your-name\"><input size=\"40\" maxlength=\"400\" class=\"wpcf7-form-control wpcf7-text wpcf7-validates-as-required\" aria-required=\"true\" aria-invalid=\"false\" placeholder=\"\u0412\u0430\u0448\u0435 \u0438\u043c\u044f\" value=\"\" type=\"text\" name=\"your-name\" \/><\/span><\/label>\n\t\t\t<\/p>\n\t\t<\/div>\n\t\t<div class=\"col-lg-6 col-md-6 col-sm-6 col-xs-12\">\n\t\t\t<p><label><span class=\"wpcf7-form-control-wrap\" data-name=\"your-company\"><input size=\"40\" maxlength=\"400\" class=\"wpcf7-form-control wpcf7-text wpcf7-validates-as-required\" aria-required=\"true\" aria-invalid=\"false\" placeholder=\"\u0412\u0430\u0448\u0430 \u0444\u0430\u043c\u0438\u043b\u0438\u044f\" value=\"\" type=\"text\" name=\"your-company\" \/><\/span><\/label>\n\t\t\t<\/p>\n\t\t<\/div>\n\t\t<div class=\"col-lg-6 col-md-6 col-sm-6 col-xs-12\">\n\t\t\t<p><label><span class=\"wpcf7-form-control-wrap\" data-name=\"email-853\"><input size=\"40\" maxlength=\"400\" class=\"wpcf7-form-control wpcf7-email wpcf7-validates-as-required wpcf7-text wpcf7-validates-as-email\" aria-required=\"true\" aria-invalid=\"false\" placeholder=\"\u0410\u0434\u0440\u0435\u0441 \u044d\u043b\u0435\u043a\u0442\u0440\u043e\u043d\u043d\u043e\u0439 \u043f\u043e\u0447\u0442\u044b\" value=\"\" type=\"email\" name=\"email-853\" \/><\/span><\/label>\n\t\t\t<\/p>\n\t\t<\/div>\n\t\t<div class=\"col-lg-6 col-md-6 col-sm-6 col-xs-12\">\n\t\t\t<p><label>\u0417\u0430\u0433\u0440\u0443\u0437\u0438\u0442\u044c \u0440\u0435\u0437\u044e\u043c\u0435: <span class=\"wpcf7-form-control-wrap\" data-name=\"file-780\"><input size=\"40\" class=\"wpcf7-form-control wpcf7-file wpcf7-validates-as-required\" accept=\".doc,.docx,.xls,.xlsx,.pdf,.ppt,.pptx\" aria-required=\"true\" aria-invalid=\"false\" type=\"file\" name=\"file-780\" \/><\/span><\/label>\n\t\t\t<\/p>\n\t\t<\/div>\n\t\t<div class=\"col-lg-12 col-md-12 col-sm-12 col-xs-12 margin-top-30 text-center\">\n\t\t\t<p><input class=\"wpcf7-form-control wpcf7-submit has-spinner\" type=\"submit\" value=\"\u041e\u0442\u043f\u0440\u0430\u0432\u0438\u0442\u044c\" \/>\n\t\t\t<\/p>\n\t\t<\/div>\n\t<\/div>\n<\/div><div class=\"wpcf7-response-output\" aria-hidden=\"true\"><\/div>\n<input type=\"hidden\" name=\"trp-form-language\" value=\"ru\"\/><\/form>\n<\/div>\n<\/p>\t\t\t\t\t\t<\/div>\n\t\t\t\t<\/div>\n\t\t\t\t\t<\/div>\n\t\t<\/div>\n\t\t\t\t\t<\/div>\n\t\t<\/section>\n\t\t\t\t<\/div>","protected":false},"excerpt":{"rendered":"<p>G\u00fcryap\u0131\u2019n\u0131n sekt\u00f6rdeki \u00f6nc\u00fc firmalardan biri haline gelmesinin temelinde yatan unsur kuruldu\u011fu g\u00fcnden beri s\u00fcre gelen ekip ruhudur. Bu ruhu bug\u00fcn oldu\u011fu gibi yar\u0131n da ya\u015fatmak i\u00e7in insan kaynaklar\u0131 uygulamalar\u0131m\u0131z\u0131 da in\u015faat sekt\u00f6r\u00fcndeki b\u00fcy\u00fcme, geli\u015fim ve yeniliklere paralel olarak \u00e7e\u015fitlendirmekteyiz. \u0130nsan\u0131 oda\u011f\u0131na alan, toplumsal ve k\u00fclt\u00fcrel de\u011ferlere sahip \u00e7\u0131kan kurum k\u00fclt\u00fcr\u00fcm\u00fczde i\u015fe al\u0131m s\u00fcre\u00e7leri, yenilik\u00e7i ve &hellip; <br \/><a href=\"https:\/\/guryapi.com\/ru\/kariyer\/\" class=\"more-link\">Continue reading <span class=\"screen-reader-text\">\u041a\u0430\u0440\u044c\u0435\u0440\u0430<\/span><\/a><\/p>","protected":false},"author":1,"featured_media":0,"parent":0,"menu_order":0,"comment_status":"closed","ping_status":"closed","template":"","meta":{"ngg_post_thumbnail":0,"footnotes":""},"class_list":["post-4218","page","type-page","status-publish","hentry"],"_links":{"self":[{"href":"https:\/\/guryapi.com\/ru\/wp-json\/wp\/v2\/pages\/4218","targetHints":{"allow":["GET"]}}],"collection":[{"href":"https:\/\/guryapi.com\/ru\/wp-json\/wp\/v2\/pages"}],"about":[{"href":"https:\/\/guryapi.com\/ru\/wp-json\/wp\/v2\/types\/page"}],"author":[{"embeddable":true,"href":"https:\/\/guryapi.com\/ru\/wp-json\/wp\/v2\/users\/1"}],"replies":[{"embeddable":true,"href":"https:\/\/guryapi.com\/ru\/wp-json\/wp\/v2\/comments?post=4218"}],"version-history":[{"count":9,"href":"https:\/\/guryapi.com\/ru\/wp-json\/wp\/v2\/pages\/4218\/revisions"}],"predecessor-version":[{"id":4231,"href":"https:\/\/guryapi.com\/ru\/wp-json\/wp\/v2\/pages\/4218\/revisions\/4231"}],"wp:attachment":[{"href":"https:\/\/guryapi.com\/ru\/wp-json\/wp\/v2\/media?parent=4218"}],"curies":[{"name":"wp","href":"https:\/\/api.w.org\/{rel}","templated":true}]}}