{"id":4072,"date":"2023-02-06T18:32:11","date_gmt":"2023-02-06T18:32:11","guid":{"rendered":"https:\/\/guryapi.com\/?page_id=4072"},"modified":"2023-05-09T09:29:06","modified_gmt":"2023-05-09T09:29:06","slug":"k-v-k-k","status":"publish","type":"page","link":"https:\/\/guryapi.com\/ru\/k-v-k-k\/","title":{"rendered":"\u0417\u0430\u043a\u043e\u043d \u043e \u0437\u0430\u0449\u0438\u0442\u0435 \u043b\u0438\u0447\u043d\u044b\u0445 \u0434\u0430\u043d\u043d\u044b\u0445"},"content":{"rendered":"<ul class=\"wp-block-list\">\n<li><a href=\"https:\/\/guryapi.com\/ru\/kvkk\/Ayd%C4%B1nlatma-Metni-%C5%9Eantiye-Kapal%C4%B1-Devre-Kamera-Kayit-Sistemleri-Gursoy-Grup-Restorasyon-EK-48.docx\/\">Ayd\u0131nlatma Metni \u015eantiye Kapal\u0131 Devre Kamera Kay\u0131t Sistemleri (EK-48)<\/a><\/li>\n\n\n\n<li><a href=\"https:\/\/guryapi.com\/ru\/kvkk\/Aydinlatma-Metni-Merkez-Ofis-Kapal%C4%B1-Devre-Kamera-Kay%C4%B1t-Sistemleri-G%C3%BCrsoy%20Grup%20Restorasyon%20EK-46.docx\/\">Ayd\u0131nlatma Metni Merkez Ofis Kapal\u0131 Devre Kamera Kay\u0131t Sistemleri (EK-46)<\/a><\/li>\n\n\n\n<li><a href=\"https:\/\/guryapi.com\/ru\/kvkk\/Cal%C4%B1san-Aday%C4%B1-Aydinlatma-Metni-E-Posta-ile-Basvuru-Yapan-Cal%C4%B1san-Adaylar%C4%B1-Gursoy-Grup-Restorasyon-EK-14.docx\/\">\u00c7al\u0131\u015fan Aday\u0131 Ayd\u0131nlatma Metni-E Posta ile Ba\u015fvuru Yapan \u00c7al\u0131\u015fan Adaylar\u0131 (EK-14)<\/a><\/li>\n\n\n\n<li><a href=\"https:\/\/guryapi.com\/ru\/kvkk\/Kisisel-Verilerin-Korunmas%C4%B1-ve-%C4%B0slenmesi-Politikas%C4%B1-Gursoy-Grup-Restorasyon-EK-1.docx\/\">Ki\u015fisel Verilerin Korunmas\u0131 ve \u0130\u015flenmesi Politikas\u0131 (EK-1)<\/a><\/li>\n\n\n\n<li><a href=\"https:\/\/guryapi.com\/kvkk\/Veri-Sahibi-Basvuru-Formu-EK-4.docx\">Veri Sahibi Ba\u015fvuru Formu (EK-4)<\/a><\/li>\n<\/ul>\n\n\n\n<p><\/p>","protected":false},"excerpt":{"rendered":"","protected":false},"author":1,"featured_media":0,"parent":0,"menu_order":0,"comment_status":"closed","ping_status":"closed","template":"","meta":{"ngg_post_thumbnail":0,"footnotes":""},"class_list":["post-4072","page","type-page","status-publish","hentry"],"_links":{"self":[{"href":"https:\/\/guryapi.com\/ru\/wp-json\/wp\/v2\/pages\/4072","targetHints":{"allow":["GET"]}}],"collection":[{"href":"https:\/\/guryapi.com\/ru\/wp-json\/wp\/v2\/pages"}],"about":[{"href":"https:\/\/guryapi.com\/ru\/wp-json\/wp\/v2\/types\/page"}],"author":[{"embeddable":true,"href":"https:\/\/guryapi.com\/ru\/wp-json\/wp\/v2\/users\/1"}],"replies":[{"embeddable":true,"href":"https:\/\/guryapi.com\/ru\/wp-json\/wp\/v2\/comments?post=4072"}],"version-history":[{"count":6,"href":"https:\/\/guryapi.com\/ru\/wp-json\/wp\/v2\/pages\/4072\/revisions"}],"predecessor-version":[{"id":5125,"href":"https:\/\/guryapi.com\/ru\/wp-json\/wp\/v2\/pages\/4072\/revisions\/5125"}],"wp:attachment":[{"href":"https:\/\/guryapi.com\/ru\/wp-json\/wp\/v2\/media?parent=4072"}],"curies":[{"name":"wp","href":"https:\/\/api.w.org\/{rel}","templated":true}]}}