{"id":4048,"date":"2023-02-06T18:00:35","date_gmt":"2023-02-06T18:00:35","guid":{"rendered":"https:\/\/guryapi.com\/?page_id=4048"},"modified":"2023-02-27T09:04:09","modified_gmt":"2023-02-27T09:04:09","slug":"degerlerimiz","status":"publish","type":"page","link":"https:\/\/guryapi.com\/ru\/degerlerimiz\/","title":{"rendered":"\u041d\u0430\u0448\u0438 \u0446\u0435\u043d\u043d\u043e\u0441\u0442\u0438"},"content":{"rendered":"<div data-elementor-type=\"wp-page\" data-elementor-id=\"4048\" class=\"elementor elementor-4048\">\n\t\t\t\t\t\t<section class=\"elementor-section elementor-top-section elementor-element elementor-element-bba1d66 elementor-section-boxed elementor-section-height-default elementor-section-height-default\" data-id=\"bba1d66\" data-element_type=\"section\">\n\t\t\t\t\t\t<div class=\"elementor-container elementor-column-gap-default\">\n\t\t\t\t\t<div class=\"elementor-column elementor-col-50 elementor-top-column elementor-element elementor-element-b5b99bf\" data-id=\"b5b99bf\" data-element_type=\"column\">\n\t\t\t<div class=\"elementor-widget-wrap elementor-element-populated\">\n\t\t\t\t\t\t<div class=\"elementor-element elementor-element-4704d1c elementor-widget elementor-widget-text-editor\" data-id=\"4704d1c\" data-element_type=\"widget\" data-widget_type=\"text-editor.default\">\n\t\t\t\t<div class=\"elementor-widget-container\">\n\t\t\t\t\t\t\t<h1 class=\"text-3xl font-poppins font-normal text-gray-900\"><strong>\u0423\u0412\u0410\u0416\u0415\u041d\u0418\u0415<\/strong><\/h1><div class=\"mt-2 text-sm font-light font-poppins text-gray-800 tracking-wider leading-loose\"><p>\u0412 \u043a\u0430\u0447\u0435\u0441\u0442\u0432\u0435 G\u00fcryap\u0131, \u043c\u044b \u0434\u0435\u0439\u0441\u0442\u0432\u0443\u0435\u043c \u0441 \u043e\u0441\u043e\u0437\u043d\u0430\u043d\u0438\u0435\u043c \u0442\u043e\u0433\u043e, \u0447\u0442\u043e \u0441\u0430\u043c\u0430\u044f \u0432\u0430\u0436\u043d\u0430\u044f \u0446\u0435\u043d\u043d\u043e\u0441\u0442\u044c, \u043a\u043e\u0442\u043e\u0440\u043e\u0439 \u0434\u043e\u043b\u0436\u043d\u043e \u043e\u0431\u043b\u0430\u0434\u0430\u0442\u044c \u0447\u0435\u043b\u043e\u0432\u0435\u0447\u0435\u0441\u0442\u0432\u043e, - \u044d\u0442\u043e \"\u0443\u0432\u0430\u0436\u0435\u043d\u0438\u0435\". \u0412 \u043a\u0430\u0436\u0434\u043e\u043c \u043f\u0440\u043e\u0435\u043a\u0442\u0435 \u0438 \u0434\u0435\u044f\u0442\u0435\u043b\u044c\u043d\u043e\u0441\u0442\u0438, \u043a\u043e\u0442\u043e\u0440\u0443\u044e \u043c\u044b \u0432\u044b\u043f\u043e\u043b\u043d\u044f\u0435\u043c, \u043c\u044b \u043f\u0440\u0438\u043d\u0438\u043c\u0430\u0435\u043c \u043f\u043e\u043d\u0438\u043c\u0430\u043d\u0438\u0435, \u043a\u043e\u0442\u043e\u0440\u043e\u0435 \u0443\u0432\u0430\u0436\u0430\u0435\u0442 \u043a\u0430\u043a \u0444\u0438\u0437\u0438\u0447\u0435\u0441\u043a\u0443\u044e, \u0442\u0430\u043a \u0438 \u044d\u043c\u043e\u0446\u0438\u043e\u043d\u0430\u043b\u044c\u043d\u0443\u044e \u0438\u043d\u0434\u0438\u0432\u0438\u0434\u0443\u0430\u043b\u044c\u043d\u043e\u0441\u0442\u044c \u043b\u044e\u0434\u0435\u0439 \u0432 \u043e\u0431\u0449\u0435\u0441\u0442\u0432\u0435, \u0432 \u043a\u043e\u0442\u043e\u0440\u043e\u043c \u043c\u044b \u043d\u0430\u0445\u043e\u0434\u0438\u043c\u0441\u044f, \u0438 \u0442\u043e\u043b\u0435\u0440\u0430\u043d\u0442\u043d\u043e \u043e\u0442\u043d\u043e\u0441\u0438\u0442\u0441\u044f \u043a \u0438\u0445 \u0440\u0430\u0437\u043b\u0438\u0447\u0438\u044f\u043c.<br \/><br \/>\u041c\u044b \u0447\u0435\u0440\u043f\u0430\u0435\u043c \u0441\u0432\u043e\u0435 \u0432\u0434\u043e\u0445\u043d\u043e\u0432\u0435\u043d\u0438\u0435 \u0432 \u0434\u0443\u0445\u043e\u0432\u043d\u044b\u0445 \u0431\u043e\u0433\u0430\u0442\u0441\u0442\u0432\u0430\u0445, \u043a\u043e\u0442\u043e\u0440\u044b\u043c\u0438 \u043c\u044b \u043e\u0431\u043b\u0430\u0434\u0430\u0435\u043c, \u0438 \u0432 \u0442\u0440\u0430\u0434\u0438\u0446\u0438\u044f\u0445 \u0437\u0435\u043c\u0435\u043b\u044c, \u043d\u0430 \u043a\u043e\u0442\u043e\u0440\u044b\u0445 \u043c\u044b \u0436\u0438\u0432\u0435\u043c. \u041f\u043e \u044d\u0442\u043e\u0439 \u043f\u0440\u0438\u0447\u0438\u043d\u0435 \u043c\u044b \u043e\u0441\u0443\u0449\u0435\u0441\u0442\u0432\u043b\u044f\u0435\u043c \u043e\u0431\u0440\u0430\u0437\u0446\u043e\u0432\u044b\u0435 \u043f\u0440\u043e\u0435\u043a\u0442\u044b \u0441 \u0443\u0432\u0430\u0436\u0435\u043d\u0438\u0435\u043c \u043a \u043d\u0430\u0448\u0435\u0439 \u043a\u0443\u043b\u044c\u0442\u0443\u0440\u0435 \u0438 \u0446\u0435\u043d\u043d\u043e\u0441\u0442\u044f\u043c, \u043d\u0430 \u043e\u0441\u043d\u043e\u0432\u0430\u043d\u0438\u0438 \u043e\u043a\u0430\u0437\u0430\u043d\u043d\u043e\u0433\u043e \u043d\u0430\u043c \u0434\u043e\u0432\u0435\u0440\u0438\u044f.<br \/><br \/>\u041e\u0442\u0434\u0430\u0432\u0430\u044f \u043f\u0440\u0438\u043e\u0440\u0438\u0442\u0435\u0442 \u043f\u0440\u0438\u043d\u0446\u0438\u043f\u0443 \u0431\u0435\u0440\u0435\u0436\u043d\u043e\u0433\u043e \u043e\u0442\u043d\u043e\u0448\u0435\u043d\u0438\u044f \u043a \u043e\u043a\u0440\u0443\u0436\u0430\u044e\u0449\u0435\u0439 \u0441\u0440\u0435\u0434\u0435 \u0432 \u043d\u0430\u0448\u0438\u0445 \u043f\u0440\u043e\u0435\u043a\u0442\u043d\u044b\u0445 \u043f\u0440\u043e\u0446\u0435\u0441\u0441\u0430\u0445, \u043c\u044b \u0447\u0435\u0440\u043f\u0430\u0435\u043c \u0432\u0434\u043e\u0445\u043d\u043e\u0432\u0435\u043d\u0438\u0435 \u0432 \u043f\u0440\u0438\u0440\u043e\u0434\u0435, \u043a\u043e\u0442\u043e\u0440\u0430\u044f \u0449\u0435\u0434\u0440\u0430 \u043a\u043e \u0432\u0441\u0435\u043c \u0436\u0438\u0432\u044b\u043c \u0441\u0443\u0449\u0435\u0441\u0442\u0432\u0430\u043c. \u041e\u0441\u043d\u043e\u0432\u044b\u0432\u0430\u044f\u0441\u044c \u043d\u0430 \u0432\u0430\u0436\u043d\u043e\u0441\u0442\u0438 \u0441\u0442\u0440\u0443\u043a\u0442\u0443\u0440\u044b, \u043a\u043e\u0442\u043e\u0440\u0430\u044f \u0441\u043e\u043f\u0440\u0438\u043a\u0430\u0441\u0430\u0435\u0442\u0441\u044f \u0441 \u043f\u0440\u0438\u0440\u043e\u0434\u043e\u0439 \u0438 \u043e\u0431\u0449\u0435\u0441\u0442\u0432\u043e\u043c \u0434\u043b\u044f \u043d\u0430\u0448\u0435\u0433\u043e \u043d\u0430\u0440\u043e\u0434\u0430, \u043c\u044b \u043f\u0440\u043e\u0434\u043e\u043b\u0436\u0438\u043c \u043f\u0440\u0435\u0434\u043f\u0440\u0438\u043d\u0438\u043c\u0430\u0442\u044c \u043a\u043e\u043d\u043a\u0440\u0435\u0442\u043d\u044b\u0435 \u0448\u0430\u0433\u0438 \u0434\u043b\u044f \u0441\u043e\u0445\u0440\u0430\u043d\u0435\u043d\u0438\u044f \u043d\u0430\u0448\u0435\u0439 \u0438\u0441\u0442\u043e\u0440\u0438\u0438 \u0438 \u0442\u0440\u0430\u0434\u0438\u0446\u0438\u0439 \u0432 \u0431\u0443\u0434\u0443\u0449\u0435\u043c, \u043a\u0430\u043a \u043c\u044b \u0434\u0435\u043b\u0430\u0435\u043c \u044d\u0442\u043e \u0441\u0435\u0433\u043e\u0434\u043d\u044f.<\/p><\/div>\t\t\t\t\t\t<\/div>\n\t\t\t\t<\/div>\n\t\t\t\t\t<\/div>\n\t\t<\/div>\n\t\t\t\t<div class=\"elementor-column elementor-col-50 elementor-top-column elementor-element elementor-element-edc3bbe\" data-id=\"edc3bbe\" data-element_type=\"column\">\n\t\t\t<div class=\"elementor-widget-wrap elementor-element-populated\">\n\t\t\t\t\t\t<div class=\"elementor-element elementor-element-903dce2 elementor-widget elementor-widget-image\" data-id=\"903dce2\" data-element_type=\"widget\" data-widget_type=\"image.default\">\n\t\t\t\t<div class=\"elementor-widget-container\">\n\t\t\t\t\t\t\t\t\t\t\t\t\t<img fetchpriority=\"high\" decoding=\"async\" width=\"570\" height=\"524\" src=\"https:\/\/guryapi.com\/wp-content\/uploads\/2023\/02\/6c7c4693d0078326fd9727800.webp\" class=\"attachment-full size-full wp-image-4050\" alt=\"\" srcset=\"https:\/\/guryapi.com\/wp-content\/uploads\/2023\/02\/6c7c4693d0078326fd9727800.webp 570w, https:\/\/guryapi.com\/wp-content\/uploads\/2023\/02\/6c7c4693d0078326fd9727800-300x276.webp 300w, https:\/\/guryapi.com\/wp-content\/uploads\/2023\/02\/6c7c4693d0078326fd9727800-460x423.webp 460w\" sizes=\"(max-width: 570px) 100vw, 570px\" \/>\t\t\t\t\t\t\t\t\t\t\t\t\t<\/div>\n\t\t\t\t<\/div>\n\t\t\t\t\t<\/div>\n\t\t<\/div>\n\t\t\t\t\t<\/div>\n\t\t<\/section>\n\t\t\t\t<section class=\"elementor-section elementor-top-section elementor-element elementor-element-696e4b6 elementor-section-boxed elementor-section-height-default elementor-section-height-default\" data-id=\"696e4b6\" data-element_type=\"section\">\n\t\t\t\t\t\t<div class=\"elementor-container elementor-column-gap-default\">\n\t\t\t\t\t<div class=\"elementor-column elementor-col-50 elementor-top-column elementor-element elementor-element-447b683\" data-id=\"447b683\" data-element_type=\"column\">\n\t\t\t<div class=\"elementor-widget-wrap elementor-element-populated\">\n\t\t\t\t\t\t<div class=\"elementor-element elementor-element-a1e1191 elementor-widget elementor-widget-image\" data-id=\"a1e1191\" data-element_type=\"widget\" data-widget_type=\"image.default\">\n\t\t\t\t<div class=\"elementor-widget-container\">\n\t\t\t\t\t\t\t\t\t\t\t\t\t<img decoding=\"async\" width=\"570\" height=\"524\" src=\"https:\/\/guryapi.com\/wp-content\/uploads\/2023\/02\/deger.png\" class=\"attachment-full size-full wp-image-4358\" alt=\"\" srcset=\"https:\/\/guryapi.com\/wp-content\/uploads\/2023\/02\/deger.png 570w, https:\/\/guryapi.com\/wp-content\/uploads\/2023\/02\/deger-300x276.png 300w, https:\/\/guryapi.com\/wp-content\/uploads\/2023\/02\/deger-13x12.png 13w, https:\/\/guryapi.com\/wp-content\/uploads\/2023\/02\/deger-460x423.png 460w\" sizes=\"(max-width: 570px) 100vw, 570px\" \/>\t\t\t\t\t\t\t\t\t\t\t\t\t<\/div>\n\t\t\t\t<\/div>\n\t\t\t\t\t<\/div>\n\t\t<\/div>\n\t\t\t\t<div class=\"elementor-column elementor-col-50 elementor-top-column elementor-element elementor-element-97de529\" data-id=\"97de529\" data-element_type=\"column\">\n\t\t\t<div class=\"elementor-widget-wrap elementor-element-populated\">\n\t\t\t\t\t\t<div class=\"elementor-element elementor-element-08472e3 elementor-widget elementor-widget-text-editor\" data-id=\"08472e3\" data-element_type=\"widget\" data-widget_type=\"text-editor.default\">\n\t\t\t\t<div class=\"elementor-widget-container\">\n\t\t\t\t\t\t\t<h1 class=\"text-3xl font-poppins font-normal text-gray-900\"><strong>\u041e\u0422\u0412\u0415\u0422\u0421\u0422\u0412\u0415\u041d\u041d\u041e\u0421\u0422\u042c<\/strong><\/h1><div class=\"mt-2 text-sm font-light font-poppins text-gray-800 tracking-wider leading-loose\"><p>\u0423\u0432\u0430\u0436\u0435\u043d\u0438\u0435 \u043a \u043b\u0438\u0442\u0435\u0440\u0430\u0442\u0443\u0440\u043d\u044b\u043c \u0438 \u043c\u043e\u0440\u0430\u043b\u044c\u043d\u044b\u043c \u043f\u0440\u0438\u043d\u0446\u0438\u043f\u0430\u043c \u043d\u0430\u0448\u0435\u0433\u043e \u043e\u0431\u0449\u0435\u0441\u0442\u0432\u0430 - \u043e\u0434\u0438\u043d \u0438\u0437 \u0441\u0430\u043c\u044b\u0445 \u0432\u0430\u0436\u043d\u044b\u0445 \u043f\u0440\u0438\u043d\u0446\u0438\u043f\u043e\u0432 \u043d\u0430\u0448\u0435\u0439 \u0436\u0438\u0437\u043d\u0438. \u0412 \u043b\u0438\u0446\u0435 G\u00fcryap\u0131, \u0441\u043e\u0445\u0440\u0430\u043d\u044f\u044f \u0443\u0432\u0430\u0436\u0438\u0442\u0435\u043b\u044c\u043d\u0443\u044e \u043f\u043e\u0437\u0438\u0446\u0438\u044e \u043f\u043e \u043e\u0442\u043d\u043e\u0448\u0435\u043d\u0438\u044e \u043a \u0440\u0430\u0437\u0443\u043c\u0443, \u043c\u0443\u0434\u0440\u043e\u0441\u0442\u0438, \u043c\u044b\u0441\u043b\u0438, \u043a\u0443\u043b\u044c\u0442\u0443\u0440\u0435 \u0438 \u0440\u0430\u0437\u0443\u043c\u0443 \u0432 \u043d\u0430\u0448\u0435\u0439 \u0434\u0435\u043b\u043e\u0432\u043e\u0439 \u0436\u0438\u0437\u043d\u0438, \u0432 \u043a\u043e\u0442\u043e\u0440\u043e\u0439 \u043c\u044b \u0434\u0435\u0439\u0441\u0442\u0432\u0443\u0435\u043c \u043f\u043e \u043f\u0440\u0438\u043d\u0446\u0438\u043f\u0443 \u0443\u0432\u0430\u0436\u0435\u043d\u0438\u044f \u043a \u044d\u0442\u0438\u043c \u0446\u0435\u043d\u043d\u043e\u0441\u0442\u044f\u043c \u043e\u0431\u0449\u0435\u0441\u0442\u0432\u0430, \u043c\u044b \u0437\u0430\u0431\u043e\u0442\u0438\u043c\u0441\u044f \u043e \u0440\u0435\u0430\u043b\u0438\u0437\u0430\u0446\u0438\u0438 \u043f\u0440\u043e\u0435\u043a\u0442\u043e\u0432, \u043a\u043e\u0442\u043e\u0440\u044b\u0435 \u043f\u0440\u0435\u0434\u0441\u0442\u0430\u0432\u043b\u044f\u044e\u0442 \u0441\u043e\u0431\u043e\u0439 \u043f\u0440\u0430\u0432\u0438\u043b\u044c\u043d\u044b\u0435, \u043f\u043e\u043b\u0435\u0437\u043d\u044b\u0435 \u0438 \u0443\u0441\u0442\u043e\u0439\u0447\u0438\u0432\u044b\u0435 \u043f\u0440\u043e\u0435\u043a\u0442\u044b \u0434\u043b\u044f \u043d\u0430\u0448\u0435\u0433\u043e \u043d\u0430\u0440\u043e\u0434\u0430.<br \/><br \/>\u041c\u044b \u0445\u043e\u0442\u0438\u043c \u043f\u0440\u043e\u0434\u0435\u043c\u043e\u043d\u0441\u0442\u0440\u0438\u0440\u043e\u0432\u0430\u0442\u044c \u043d\u0430\u0448\u0443 \u043e\u0442\u0432\u0435\u0442\u0441\u0442\u0432\u0435\u043d\u043d\u043e\u0441\u0442\u044c \u0431\u044b\u0442\u044c \u043f\u0440\u0438\u043c\u0435\u0440\u043e\u043c \u0432 \u0441\u0435\u043a\u0442\u043e\u0440\u0435 \u0441 \u043d\u0430\u0448\u0435\u0439 \u044d\u0444\u0444\u0435\u043a\u0442\u0438\u0432\u043d\u043e\u0439 \u0438 \u043a\u043e\u043c\u043f\u0435\u0442\u0435\u043d\u0442\u043d\u043e\u0439 \u043f\u043e\u0437\u0438\u0446\u0438\u0435\u0439 \u0432 \u043f\u0440\u043e\u0435\u043a\u0442\u0430\u0445, \u043a\u043e\u0442\u043e\u0440\u044b\u0435 \u043c\u044b \u0440\u0435\u0430\u043b\u0438\u0437\u0443\u0435\u043c \u043f\u043e \u043f\u0440\u0438\u043d\u0446\u0438\u043f\u0443 \u0443\u0432\u0430\u0436\u0435\u043d\u0438\u044f \u043a \u043d\u0430\u0448\u0438\u043c \u043d\u0430\u0446\u0438\u043e\u043d\u0430\u043b\u044c\u043d\u044b\u043c \u0446\u0435\u043d\u043d\u043e\u0441\u0442\u044f\u043c. \u041e\u0441\u043e\u0437\u043d\u0430\u0432\u0430\u044f \u044d\u0442\u043e, \u043c\u044b \u043f\u0440\u0438\u043b\u0430\u0433\u0430\u0435\u043c \u043c\u0430\u043a\u0441\u0438\u043c\u0430\u043b\u044c\u043d\u044b\u0435 \u0443\u0441\u0438\u043b\u0438\u044f, \u0447\u0442\u043e\u0431\u044b \u0432\u043d\u0435\u0441\u0442\u0438 \u0441\u0432\u043e\u0439 \u0432\u043a\u043b\u0430\u0434 \u0432 \u043a\u0443\u043b\u044c\u0442\u0443\u0440\u0443 \u0438 \u0443\u0440\u043e\u0432\u0435\u043d\u044c \u043e\u0431\u0440\u0430\u0437\u043e\u0432\u0430\u043d\u0438\u044f \u043e\u0431\u0449\u0435\u0441\u0442\u0432\u0430 \u0441 \u043a\u0430\u0436\u0434\u044b\u043c \u0440\u0435\u0430\u043b\u0438\u0437\u043e\u0432\u0430\u043d\u043d\u044b\u043c \u043d\u0430\u043c\u0438 \u043f\u0440\u043e\u0435\u043a\u0442\u043e\u043c.<br \/><br \/>\u041d\u0430\u0448\u0430 \u043a\u043e\u043c\u043f\u0430\u043d\u0438\u044f, \u043e\u0441\u0443\u0449\u0435\u0441\u0442\u0432\u043b\u044f\u044e\u0449\u0430\u044f \u0441\u0432\u043e\u044e \u0434\u0435\u044f\u0442\u0435\u043b\u044c\u043d\u043e\u0441\u0442\u044c \u043f\u043e \u043f\u0440\u0438\u043d\u0446\u0438\u043f\u0443 \u00ab\u043e\u0442\u0432\u0435\u0442\u0441\u0442\u0432\u0435\u043d\u043d\u043e\u0441\u0442\u044c \u0437\u0430 \u043d\u0430\u0441\u0442\u043e\u044f\u0449\u0435\u0435 \u0438 \u0431\u0443\u0434\u0443\u0449\u0435\u0435\u00bb, \u0434\u0435\u0439\u0441\u0442\u0432\u0443\u0435\u0442 \u043f\u043e \u043e\u0441\u043d\u043e\u0432\u043d\u043e\u043c\u0443 \u043f\u0440\u0438\u043d\u0446\u0438\u043f\u0443 \u00ab\u0447\u0443\u0432\u0441\u0442\u0432\u0438\u0442\u0435\u043b\u044c\u043d\u043e\u0441\u0442\u0438 \u043a \u043e\u043a\u0440\u0443\u0436\u0430\u044e\u0449\u0435\u0439 \u0441\u0440\u0435\u0434\u0435\u00bb \u0432\u043e \u0432\u0441\u0435\u0445 \u0441\u0432\u043e\u0438\u0445 \u0431\u0438\u0437\u043d\u0435\u0441-\u043f\u0440\u043e\u0446\u0435\u0441\u0441\u0430\u0445 \u0438 \u043e\u0431\u0449\u0435\u0441\u0442\u0432\u0435\u043d\u043d\u043e\u0439 \u0436\u0438\u0437\u043d\u0438.<\/p><\/div>\t\t\t\t\t\t<\/div>\n\t\t\t\t<\/div>\n\t\t\t\t\t<\/div>\n\t\t<\/div>\n\t\t\t\t\t<\/div>\n\t\t<\/section>\n\t\t\t\t<section class=\"elementor-section elementor-top-section elementor-element elementor-element-6a646b7 elementor-section-boxed elementor-section-height-default elementor-section-height-default\" data-id=\"6a646b7\" data-element_type=\"section\">\n\t\t\t\t\t\t<div class=\"elementor-container elementor-column-gap-default\">\n\t\t\t\t\t<div class=\"elementor-column elementor-col-50 elementor-top-column elementor-element elementor-element-fb4353a\" data-id=\"fb4353a\" data-element_type=\"column\">\n\t\t\t<div class=\"elementor-widget-wrap elementor-element-populated\">\n\t\t\t\t\t\t<div class=\"elementor-element elementor-element-8fe7121 elementor-widget elementor-widget-text-editor\" data-id=\"8fe7121\" data-element_type=\"widget\" data-widget_type=\"text-editor.default\">\n\t\t\t\t<div class=\"elementor-widget-container\">\n\t\t\t\t\t\t\t<h1 class=\"text-3xl font-poppins font-normal text-gray-900\"><strong>\u0418\u041d\u041d\u041e\u0412\u0410\u0426\u0418\u0418<\/strong><\/h1><div class=\"mt-2 text-sm font-light font-poppins text-gray-800 tracking-wider leading-loose\"><p>\u0412 \u043f\u043e\u0441\u0442\u043e\u044f\u043d\u043d\u043e \u0440\u0430\u0437\u0432\u0438\u0432\u0430\u044e\u0449\u0435\u043c\u0441\u044f \u0438 \u043c\u0435\u043d\u044f\u044e\u0449\u0435\u043c\u0441\u044f \u043c\u0438\u0440\u0435 \u043c\u044b, \u0432 \u043b\u0438\u0446\u0435 G\u00fcryap\u0131, \u0432\u0441\u0435\u0433\u0434\u0430 \u043f\u043e\u0434\u0434\u0435\u0440\u0436\u0438\u0432\u0430\u0435\u043c \u0438\u0437\u043c\u0435\u043d\u0435\u043d\u0438\u044f \u0432 \u0440\u0430\u043c\u043a\u0430\u0445 \u043d\u0430\u0448\u0438\u0445 \u0446\u0435\u043d\u043d\u043e\u0441\u0442\u0435\u0439 \u0438 \u043f\u0440\u0438\u043d\u0446\u0438\u043f\u043e\u0432. \u041c\u044b \u043f\u043e\u0434\u0434\u0435\u0440\u0436\u0438\u0432\u0430\u0435\u043c \u043d\u043e\u0432\u044b\u0435 \u0438\u0434\u0435\u0438 \u0438 \u043f\u0440\u043e\u0434\u0443\u043a\u0442\u044b, \u043e\u0442\u0434\u0430\u0432\u0430\u044f \u043f\u0440\u0438\u043e\u0440\u0438\u0442\u0435\u0442 \u0438\u043d\u043d\u043e\u0432\u0430\u0446\u0438\u044f\u043c \u0438 \u0440\u0430\u0437\u0432\u0438\u0442\u0438\u044e, \u0447\u0442\u043e\u0431\u044b \u0437\u0430\u0432\u0435\u0440\u0448\u0438\u0442\u044c \u043a\u0430\u0436\u0434\u044b\u0439 \u0440\u0435\u0430\u043b\u0438\u0437\u0443\u0435\u043c\u044b\u0439 \u043d\u0430\u043c\u0438 \u043f\u0440\u043e\u0435\u043a\u0442, \u043d\u0430\u0438\u043b\u0443\u0447\u0448\u0438\u043c \u043e\u0431\u0440\u0430\u0437\u043e\u043c. \u041c\u044b \u043f\u043e\u0434\u0434\u0435\u0440\u0436\u0438\u0432\u0430\u0435\u043c \u0441\u0442\u0440\u0430\u0442\u0435\u0433\u0438\u044e \u0438 \u0446\u0435\u043b\u0438 \u043d\u0430\u0448\u0435\u0433\u043e \u0443\u0447\u0440\u0435\u0436\u0434\u0435\u043d\u0438\u044f, \u043e\u0440\u0438\u0435\u043d\u0442\u0438\u0440\u0443\u044f\u0441\u044c \u043d\u0430 \u0440\u0435\u0437\u0443\u043b\u044c\u0442\u0430\u0442 \u0432\u043e \u0432\u0441\u0435\u0445 \u043d\u0430\u0448\u0438\u0445 \u043f\u0440\u043e\u0435\u043a\u0442\u0430\u0445, \u043a\u043e\u0442\u043e\u0440\u044b\u0435 \u043c\u044b \u0440\u0435\u0430\u043b\u0438\u0437\u0443\u0435\u043c \u0441 \u043f\u043e\u043c\u043e\u0449\u044c\u044e \u0438\u043d\u043d\u043e\u0432\u0430\u0446\u0438\u0439, \u0442\u0440\u0435\u0431\u0443\u0435\u043c\u044b\u0445 \u044d\u043f\u043e\u0445\u043e\u0439.<br \/><br \/>\u0412 \u043d\u0430\u0448\u0438\u0445 \u043f\u0440\u043e\u0435\u043a\u0442\u0430\u0445, \u043a\u043e\u0442\u043e\u0440\u044b\u0435 \u043c\u044b \u0432\u044b\u043f\u043e\u043b\u043d\u044f\u0435\u043c, \u0443\u0434\u0435\u043b\u044f\u044f \u043f\u0435\u0440\u0432\u043e\u0441\u0442\u0435\u043f\u0435\u043d\u043d\u043e\u0435 \u0432\u043d\u0438\u043c\u0430\u043d\u0438\u0435 \u0443\u0434\u043e\u0432\u043b\u0435\u0442\u0432\u043e\u0440\u0435\u043d\u0438\u044e \u043f\u043e\u0442\u0440\u0435\u0431\u043d\u043e\u0441\u0442\u0435\u0439 \u043a\u043b\u0438\u0435\u043d\u0442\u043e\u0432, \u043c\u044b \u043f\u0440\u0438\u043d\u0438\u043c\u0430\u0435\u043c \u0432 \u043a\u0430\u0447\u0435\u0441\u0442\u0432\u0435 \u0431\u0438\u0437\u043d\u0435\u0441-\u043c\u043e\u0434\u0435\u043b\u0438 \u0434\u043e\u0431\u0430\u0432\u043e\u0447\u043d\u0443\u044e \u0441\u0442\u043e\u0438\u043c\u043e\u0441\u0442\u044c \u0438 \u043f\u0440\u0435\u0434\u043e\u0441\u0442\u0430\u0432\u043b\u0435\u043d\u0438\u0435 \u0443\u0441\u043b\u0443\u0433 \u043d\u0430\u0438\u0432\u044b\u0441\u0448\u0435\u0433\u043e \u043a\u0430\u0447\u0435\u0441\u0442\u0432\u0430.<br \/><br \/>\u041c\u044b \u043e\u0441\u043e\u0437\u043d\u0430\u0435\u043c, \u0447\u0442\u043e \u0432 \u043e\u0441\u043d\u043e\u0432\u0435 \u043d\u0430\u0448\u0435\u0433\u043e \u0443\u0441\u043f\u0435\u0445\u0430 \u0432 \u043c\u0438\u0440\u0435 \u0431\u0438\u0437\u043d\u0435\u0441\u0430 \u043b\u0435\u0436\u0438\u0442 \u043d\u0430\u0448\u0430 \u0440\u0430\u0431\u043e\u0447\u0430\u044f \u0434\u0438\u0441\u0446\u0438\u043f\u043b\u0438\u043d\u0430, \u043a\u043e\u0442\u043e\u0440\u0443\u044e \u043c\u044b \u0432\u044b\u0440\u0430\u0431\u043e\u0442\u0430\u043b\u0438 \u0432 \u0441\u043e\u043e\u0442\u0432\u0435\u0442\u0441\u0442\u0432\u0438\u0438 \u0441 \u043c\u043e\u0440\u0430\u043b\u044c\u043d\u044b\u043c\u0438 \u0446\u0435\u043d\u043d\u043e\u0441\u0442\u044f\u043c\u0438. \u0412 \u043b\u0438\u0446\u0435 G\u00fcryap\u0131, \u043c\u044b \u0432\u0441\u0435\u0433\u0434\u0430 \u0441\u0442\u0430\u0432\u0438\u043c \u043d\u0430 \u043f\u0435\u0440\u0432\u044b\u0439 \u043f\u043b\u0430\u043d \u043d\u0430\u0448 \u043f\u043e\u0434\u0445\u043e\u0434 \"\u044d\u0442\u0438\u0447\u043d\u043e\u0439 \u0440\u0430\u0431\u043e\u0442\u044b\", \u043a\u043e\u0442\u043e\u0440\u044b\u0439 \u043c\u044b \u043f\u0440\u0438\u043d\u044f\u043b\u0438 \u0432 \u043a\u0430\u0447\u0435\u0441\u0442\u0432\u0435 \u043f\u0440\u0438\u043d\u0446\u0438\u043f\u0430 \u0441 \u043f\u0435\u0440\u0432\u043e\u0433\u043e \u0434\u043d\u044f \u043d\u0430\u0448\u0435\u0433\u043e \u043e\u0441\u043d\u043e\u0432\u0430\u043d\u0438\u044f, \u0438 \u0431\u0443\u0434\u0435\u043c \u043f\u0440\u043e\u0434\u043e\u043b\u0436\u0430\u0442\u044c \u0440\u0430\u0431\u043e\u0442\u0430\u0442\u044c, \u0447\u0442\u043e\u0431\u044b \u043f\u043e\u0441\u0442\u0440\u043e\u0438\u0442\u044c \u0441\u0447\u0430\u0441\u0442\u043b\u0438\u0432\u043e\u0435 \u0438 \u0441\u043e\u0432\u0440\u0435\u043c\u0435\u043d\u043d\u043e\u0435 \u0431\u0443\u0434\u0443\u0449\u0435\u0435.<\/p><\/div>\t\t\t\t\t\t<\/div>\n\t\t\t\t<\/div>\n\t\t\t\t\t<\/div>\n\t\t<\/div>\n\t\t\t\t<div class=\"elementor-column elementor-col-50 elementor-top-column elementor-element elementor-element-5a7e9e8\" data-id=\"5a7e9e8\" data-element_type=\"column\">\n\t\t\t<div class=\"elementor-widget-wrap elementor-element-populated\">\n\t\t\t\t\t\t<div class=\"elementor-element elementor-element-0d6d45a elementor-widget elementor-widget-image\" data-id=\"0d6d45a\" data-element_type=\"widget\" data-widget_type=\"image.default\">\n\t\t\t\t<div class=\"elementor-widget-container\">\n\t\t\t\t\t\t\t\t\t\t\t\t\t<img decoding=\"async\" width=\"570\" height=\"524\" src=\"https:\/\/guryapi.com\/wp-content\/uploads\/2023\/02\/6c7c4693d0078326fd9727801.webp\" class=\"attachment-full size-full wp-image-4051\" alt=\"\" srcset=\"https:\/\/guryapi.com\/wp-content\/uploads\/2023\/02\/6c7c4693d0078326fd9727801.webp 570w, https:\/\/guryapi.com\/wp-content\/uploads\/2023\/02\/6c7c4693d0078326fd9727801-300x276.webp 300w, https:\/\/guryapi.com\/wp-content\/uploads\/2023\/02\/6c7c4693d0078326fd9727801-460x423.webp 460w\" sizes=\"(max-width: 570px) 100vw, 570px\" \/>\t\t\t\t\t\t\t\t\t\t\t\t\t<\/div>\n\t\t\t\t<\/div>\n\t\t\t\t\t<\/div>\n\t\t<\/div>\n\t\t\t\t\t<\/div>\n\t\t<\/section>\n\t\t\t\t<\/div>","protected":false},"excerpt":{"rendered":"<p>SAYGI G\u00fcryap\u0131 olarak insanl\u0131\u011f\u0131n sahip olmas\u0131 gereken en \u00f6nemli de\u011ferin \u2018\u2019sayg\u0131\u2019\u2019 oldu\u011fu bilinciyle hareket ediyoruz. \u0130mzam\u0131z\u0131 att\u0131\u011f\u0131m\u0131z her proje ve faaliyette, bulundu\u011fumuz toplumdaki bireylerin hem fiziksel hem de duygusal ki\u015fili\u011fine sayg\u0131 g\u00f6steren, farkl\u0131l\u0131klar\u0131n\u0131 ho\u015f g\u00f6ren bir anlay\u0131\u015f\u0131 benimsiyoruz. Heyecan\u0131m\u0131z\u0131 var oldu\u011fumuz manevi zenginlikler ve \u00fczerinde ya\u015fad\u0131\u011f\u0131m\u0131z topraklar\u0131n gelene\u011finden al\u0131yoruz. Bu nedenle k\u00fclt\u00fcr\u00fcm\u00fcze ve de\u011ferlerimize sahip &hellip; <br \/><a href=\"https:\/\/guryapi.com\/ru\/degerlerimiz\/\" class=\"more-link\">Continue reading <span class=\"screen-reader-text\">\u041d\u0430\u0448\u0438 \u0446\u0435\u043d\u043d\u043e\u0441\u0442\u0438<\/span><\/a><\/p>","protected":false},"author":1,"featured_media":0,"parent":0,"menu_order":0,"comment_status":"closed","ping_status":"closed","template":"","meta":{"ngg_post_thumbnail":0,"footnotes":""},"class_list":["post-4048","page","type-page","status-publish","hentry"],"_links":{"self":[{"href":"https:\/\/guryapi.com\/ru\/wp-json\/wp\/v2\/pages\/4048","targetHints":{"allow":["GET"]}}],"collection":[{"href":"https:\/\/guryapi.com\/ru\/wp-json\/wp\/v2\/pages"}],"about":[{"href":"https:\/\/guryapi.com\/ru\/wp-json\/wp\/v2\/types\/page"}],"author":[{"embeddable":true,"href":"https:\/\/guryapi.com\/ru\/wp-json\/wp\/v2\/users\/1"}],"replies":[{"embeddable":true,"href":"https:\/\/guryapi.com\/ru\/wp-json\/wp\/v2\/comments?post=4048"}],"version-history":[{"count":22,"href":"https:\/\/guryapi.com\/ru\/wp-json\/wp\/v2\/pages\/4048\/revisions"}],"predecessor-version":[{"id":4878,"href":"https:\/\/guryapi.com\/ru\/wp-json\/wp\/v2\/pages\/4048\/revisions\/4878"}],"wp:attachment":[{"href":"https:\/\/guryapi.com\/ru\/wp-json\/wp\/v2\/media?parent=4048"}],"curies":[{"name":"wp","href":"https:\/\/api.w.org\/{rel}","templated":true}]}}