{"id":4919,"date":"2023-02-27T11:28:52","date_gmt":"2023-02-27T11:28:52","guid":{"rendered":"https:\/\/guryapi.com\/?page_id=4919"},"modified":"2026-05-06T10:33:29","modified_gmt":"2026-05-06T10:33:29","slug":"restorasyon","status":"publish","type":"page","link":"https:\/\/guryapi.com\/en\/restorasyon\/","title":{"rendered":"Restoration"},"content":{"rendered":"<div data-elementor-type=\"wp-page\" data-elementor-id=\"4919\" class=\"elementor elementor-4919\">\n\t\t\t\t\t\t<section class=\"elementor-section elementor-top-section elementor-element elementor-element-52b987b elementor-section-boxed elementor-section-height-default elementor-section-height-default\" data-id=\"52b987b\" data-element_type=\"section\">\n\t\t\t\t\t\t<div class=\"elementor-container elementor-column-gap-default\">\n\t\t\t\t\t<div class=\"elementor-column elementor-col-50 elementor-top-column elementor-element elementor-element-52267985\" data-id=\"52267985\" data-element_type=\"column\">\n\t\t\t<div class=\"elementor-widget-wrap elementor-element-populated\">\n\t\t\t\t\t\t<div class=\"elementor-element elementor-element-592b329e elementor-widget elementor-widget-apus_element_banner\" data-id=\"592b329e\" data-element_type=\"widget\" data-widget_type=\"apus_element_banner.default\">\n\t\t\t\t<div class=\"elementor-widget-container\">\n\t\t\t        <div class=\"widget-banner  style1\">\n                            <div class=\"banner-image-bg\" style=\"background-image:url(https:\/\/guryapi.com\/wp-content\/uploads\/2023\/02\/ortakoy-mosque-at-night-2021-08-27-17-07-40-utc-1-scaled.jpg)\"><\/div>                   \n            \n            <div class=\"widget-banner-inner\">\n                                <div class=\"widget-banner-content\">\n                                    <\/div>\n                            <\/div>\n        <\/div>\n        \t\t<\/div>\n\t\t\t\t<\/div>\n\t\t\t\t\t<\/div>\n\t\t<\/div>\n\t\t\t\t<div class=\"elementor-column elementor-col-50 elementor-top-column elementor-element elementor-element-17a8e9cd\" data-id=\"17a8e9cd\" data-element_type=\"column\">\n\t\t\t<div class=\"elementor-widget-wrap elementor-element-populated\">\n\t\t\t\t\t\t<div class=\"elementor-element elementor-element-41575ee7 elementor-widget elementor-widget-apus_element_call_to_action\" data-id=\"41575ee7\" data-element_type=\"widget\" data-widget_type=\"apus_element_call_to_action.default\">\n\t\t\t\t<div class=\"elementor-widget-container\">\n\t\t\t        <div class=\"widget-action  vertical\">\n            <div class=\"inner\">\n                <div class=\"item-left\">\n                                                                <div class=\"description\">\n                            <p style=\"font-weight: 400\">G\u00fcryap\u0131 has been one of the leading companies in the conservation and restoration sector in Turkey and internationally for more than 20 years.<\/p><p>9. From the 9th century Barhal Kilise Mosque to the 16th century classical period, from Architect Sinan's master and journeyman works to late period Bosporus mansions, mansions and university buildings, from 19th  century industrial buildings, G\u00fcryap\u0131 has been transferring the historical and cultural values of the city to future generations through the restoration of works from every period, style and typology of Turkey's cultural heritage.<\/p><p>The aim of renovating historical buildings is to preserve them as a work of art as well as a historical document. In doing so, we have adopted the principle of adopting methods and approaches based on international regulations and principles on the basis of science.<\/p><p>We know that monuments are an integral part of the history they bear witness to and the environment in which they exist.  By renovating a building, we not only restore it to the city, but also keep the social memory alive and nourish it.\u00a0<\/p>                        <\/div>\n                                    <\/div>\n                            <\/div>\n        <\/div>\n        \t\t<\/div>\n\t\t\t\t<\/div>\n\t\t\t\t<div class=\"elementor-element elementor-element-3a2fe7e elementor-hidden-desktop elementor-hidden-tablet elementor-hidden-mobile elementor-widget elementor-widget-apus_element_call_to_action\" data-id=\"3a2fe7e\" data-element_type=\"widget\" data-widget_type=\"apus_element_call_to_action.default\">\n\t\t\t\t<div class=\"elementor-widget-container\">\n\t\t\t        <div class=\"widget-action  vertical\">\n            <div class=\"inner\">\n                <div class=\"item-left\">\n                                                                <div class=\"description\">\n                            <p style=\"font-weight: 400\">G\u00fcryap\u0131 has been one of the leading companies in the conservation and restoration sector in Turkey and internationally for more than 20 years.<\/p><p>9. From the 9th century Barhal Kilise Mosque to the 16th century classical period, from Architect Sinan's master and journeyman works to late period Bosporus mansions, mansions and university buildings, from 19th  century industrial buildings, G\u00fcryap\u0131 has been transferring the historical and cultural values of the city to future generations through the restoration of works from every period, style and typology of Turkey's cultural heritage.<\/p><p>The aim of renovating historical buildings is to preserve them as a work of art as well as a historical document. In doing so, we have adopted the principle of adopting methods and approaches based on international regulations and principles on the basis of science.<\/p><p>We know that monuments are an integral part of the history they bear witness to and the environment in which they exist.  By renovating a building, we not only restore it to the city, but also keep the social memory alive and nourish it.\u00a0<\/p>                        <\/div>\n                                    <\/div>\n                                    <div class=\"action\">\n                        <a class=\"btn btn-default\" href=\"https:\/\/guryapi.com\/en\/proje-kategorisi\/restorasyon\/\">Our Projects<\/a>\n                    <\/div>\n                            <\/div>\n        <\/div>\n        \t\t<\/div>\n\t\t\t\t<\/div>\n\t\t\t\t\t<\/div>\n\t\t<\/div>\n\t\t\t\t\t<\/div>\n\t\t<\/section>\n\t\t\t\t<section class=\"elementor-section elementor-top-section elementor-element elementor-element-9d625df elementor-section-boxed elementor-section-height-default elementor-section-height-default\" data-id=\"9d625df\" data-element_type=\"section\">\n\t\t\t\t\t\t<div class=\"elementor-container elementor-column-gap-default\">\n\t\t\t\t\t<div class=\"elementor-column elementor-col-100 elementor-top-column elementor-element elementor-element-981a1e9\" data-id=\"981a1e9\" data-element_type=\"column\">\n\t\t\t<div class=\"elementor-widget-wrap elementor-element-populated\">\n\t\t\t\t\t\t<div class=\"elementor-element elementor-element-0869af2 elementor-widget elementor-widget-spacer\" data-id=\"0869af2\" data-element_type=\"widget\" data-widget_type=\"spacer.default\">\n\t\t\t\t<div class=\"elementor-widget-container\">\n\t\t\t\t\t<div class=\"elementor-spacer\">\n\t\t\t<div class=\"elementor-spacer-inner\"><\/div>\n\t\t<\/div>\n\t\t\t\t<\/div>\n\t\t\t\t<\/div>\n\t\t\t\t\t<\/div>\n\t\t<\/div>\n\t\t\t\t\t<\/div>\n\t\t<\/section>\n\t\t\t\t<\/div>","protected":false},"excerpt":{"rendered":"<p>G\u00fcryap\u0131, restorasyon \u00e7al\u0131\u015fmalar\u0131yla T\u00fcrkiye\u2019de ve uluslararas\u0131 piyasada 20 y\u0131l\u0131 a\u015fk\u0131n bir s\u00fcredir koruma ve onarma sekt\u00f6r\u00fcn\u00fcn lider kurulu\u015flar\u0131 aras\u0131nda yer almaktad\u0131r. 9. Y\u00fczy\u0131lda in\u015fa edilmi\u015f Barhal Kilise Camii\u2019nden, 16. y\u00fczy\u0131la ait klasik d\u00f6neme, Mimar Sinan&#8217;\u0131n ustal\u0131k ve kalfal\u0131k eserlerinden, ge\u00e7 d\u00f6nem bo\u011faz yal\u0131lar\u0131, k\u00f6\u015fkler ve \u00fcniversite binalar\u0131na, 19. y\u00fczy\u0131ldan miras end\u00fcstriyel yap\u0131lara kadar, T\u00fcrkiye k\u00fclt\u00fcr &hellip; <br \/><a href=\"https:\/\/guryapi.com\/en\/restorasyon\/\" class=\"more-link\">Continue reading <span class=\"screen-reader-text\">Restoration<\/span><\/a><\/p>","protected":false},"author":1,"featured_media":0,"parent":0,"menu_order":0,"comment_status":"closed","ping_status":"closed","template":"","meta":{"ngg_post_thumbnail":0,"footnotes":""},"class_list":["post-4919","page","type-page","status-publish","hentry"],"_links":{"self":[{"href":"https:\/\/guryapi.com\/en\/wp-json\/wp\/v2\/pages\/4919","targetHints":{"allow":["GET"]}}],"collection":[{"href":"https:\/\/guryapi.com\/en\/wp-json\/wp\/v2\/pages"}],"about":[{"href":"https:\/\/guryapi.com\/en\/wp-json\/wp\/v2\/types\/page"}],"author":[{"embeddable":true,"href":"https:\/\/guryapi.com\/en\/wp-json\/wp\/v2\/users\/1"}],"replies":[{"embeddable":true,"href":"https:\/\/guryapi.com\/en\/wp-json\/wp\/v2\/comments?post=4919"}],"version-history":[{"count":27,"href":"https:\/\/guryapi.com\/en\/wp-json\/wp\/v2\/pages\/4919\/revisions"}],"predecessor-version":[{"id":5481,"href":"https:\/\/guryapi.com\/en\/wp-json\/wp\/v2\/pages\/4919\/revisions\/5481"}],"wp:attachment":[{"href":"https:\/\/guryapi.com\/en\/wp-json\/wp\/v2\/media?parent=4919"}],"curies":[{"name":"wp","href":"https:\/\/api.w.org\/{rel}","templated":true}]}}