{"id":4906,"date":"2023-02-27T11:24:07","date_gmt":"2023-02-27T11:24:07","guid":{"rendered":"https:\/\/guryapi.com\/?page_id=4906"},"modified":"2026-05-06T10:33:33","modified_gmt":"2026-05-06T10:33:33","slug":"insaat","status":"publish","type":"page","link":"https:\/\/guryapi.com\/en\/insaat\/","title":{"rendered":"Construction"},"content":{"rendered":"<div data-elementor-type=\"wp-page\" data-elementor-id=\"4906\" class=\"elementor elementor-4906\">\n\t\t\t\t\t\t<section class=\"elementor-section elementor-top-section elementor-element elementor-element-d3c9ae4 elementor-section-boxed elementor-section-height-default elementor-section-height-default\" data-id=\"d3c9ae4\" data-element_type=\"section\">\n\t\t\t\t\t\t<div class=\"elementor-container elementor-column-gap-default\">\n\t\t\t\t\t<div class=\"elementor-column elementor-col-50 elementor-top-column elementor-element elementor-element-0a8d002\" data-id=\"0a8d002\" data-element_type=\"column\">\n\t\t\t<div class=\"elementor-widget-wrap elementor-element-populated\">\n\t\t\t\t\t\t<div class=\"elementor-element elementor-element-60ae610 elementor-widget elementor-widget-apus_element_banner\" data-id=\"60ae610\" data-element_type=\"widget\" data-widget_type=\"apus_element_banner.default\">\n\t\t\t\t<div class=\"elementor-widget-container\">\n\t\t\t        <div class=\"widget-banner  style1\">\n                            <div class=\"banner-image-bg\" style=\"background-image:url(https:\/\/guryapi.com\/wp-content\/uploads\/2023\/02\/DJI_0012-1-scaled.jpg)\"><\/div>                   \n            \n            <div class=\"widget-banner-inner\">\n                                <div class=\"widget-banner-content\">\n                                    <\/div>\n                            <\/div>\n        <\/div>\n        \t\t<\/div>\n\t\t\t\t<\/div>\n\t\t\t\t\t<\/div>\n\t\t<\/div>\n\t\t\t\t<div class=\"elementor-column elementor-col-50 elementor-top-column elementor-element elementor-element-4c61633\" data-id=\"4c61633\" data-element_type=\"column\">\n\t\t\t<div class=\"elementor-widget-wrap elementor-element-populated\">\n\t\t\t\t\t\t<div class=\"elementor-element elementor-element-74f67f2 elementor-widget elementor-widget-apus_element_call_to_action\" data-id=\"74f67f2\" data-element_type=\"widget\" data-widget_type=\"apus_element_call_to_action.default\">\n\t\t\t\t<div class=\"elementor-widget-container\">\n\t\t\t        <div class=\"widget-action  vertical\">\n            <div class=\"inner\">\n                <div class=\"item-left\">\n                                                                <div class=\"description\">\n                            <p>G\u00fcryap\u0131 has been operating in the construction industry in Turkey and in the international market for over 20 years.<br \/>It has built its know-how and human resources in order to serve the society and the country and to improve the quality of life.<\/p><p>It has built its know-how and human resources in order to serve the society and the country and to improve the quality of life.<\/p><p>In the field of construction, G\u00fcryap\u0131, which realizes large projects that shape the future, aims to establish trust and satisfaction by fulfilling all kinds of commitments.<br \/>metro museums, hotels and cultural centers.<\/p><p>G\u00fcryap\u0131 has carried out and will continue to carry out important urban works with construction projects that support social development and economic growth, where the heart of daily life beats.<\/p>                        <\/div>\n                                    <\/div>\n                            <\/div>\n        <\/div>\n        \t\t<\/div>\n\t\t\t\t<\/div>\n\t\t\t\t<div class=\"elementor-element elementor-element-4fadb25 elementor-hidden-desktop elementor-hidden-tablet elementor-hidden-mobile elementor-widget elementor-widget-apus_element_call_to_action\" data-id=\"4fadb25\" data-element_type=\"widget\" data-widget_type=\"apus_element_call_to_action.default\">\n\t\t\t\t<div class=\"elementor-widget-container\">\n\t\t\t        <div class=\"widget-action  vertical\">\n            <div class=\"inner\">\n                <div class=\"item-left\">\n                                                                <div class=\"description\">\n                            <p>G\u00fcryap\u0131 has been operating in the construction industry in Turkey and in the international market for over 20 years.<br \/>It has built its know-how and human resources in order to serve the society and the country and to improve the quality of life.<\/p><p>It has built its know-how and human resources in order to serve the society and the country and to improve the quality of life.<\/p><p>In the field of construction, G\u00fcryap\u0131, which realizes large projects that shape the future, aims to establish trust and satisfaction by fulfilling all kinds of commitments.<br \/>metro museums, hotels and cultural centers.<\/p><p>G\u00fcryap\u0131 has carried out and will continue to carry out important urban works with construction projects that support social development and economic growth, where the heart of daily life beats.<\/p>                        <\/div>\n                                    <\/div>\n                                    <div class=\"action\">\n                        <a class=\"btn btn-default\" href=\"https:\/\/guryapi.com\/en\/proje-kategorisi\/insaat\/\">Our Projects<\/a>\n                    <\/div>\n                            <\/div>\n        <\/div>\n        \t\t<\/div>\n\t\t\t\t<\/div>\n\t\t\t\t\t<\/div>\n\t\t<\/div>\n\t\t\t\t\t<\/div>\n\t\t<\/section>\n\t\t\t\t<section class=\"elementor-section elementor-top-section elementor-element elementor-element-816d844 elementor-section-boxed elementor-section-height-default elementor-section-height-default\" data-id=\"816d844\" data-element_type=\"section\">\n\t\t\t\t\t\t<div class=\"elementor-container elementor-column-gap-default\">\n\t\t\t\t\t<div class=\"elementor-column elementor-col-100 elementor-top-column elementor-element elementor-element-33ee03c\" data-id=\"33ee03c\" data-element_type=\"column\">\n\t\t\t<div class=\"elementor-widget-wrap elementor-element-populated\">\n\t\t\t\t\t\t<div class=\"elementor-element elementor-element-57211ce elementor-widget elementor-widget-spacer\" data-id=\"57211ce\" data-element_type=\"widget\" data-widget_type=\"spacer.default\">\n\t\t\t\t<div class=\"elementor-widget-container\">\n\t\t\t\t\t<div class=\"elementor-spacer\">\n\t\t\t<div class=\"elementor-spacer-inner\"><\/div>\n\t\t<\/div>\n\t\t\t\t<\/div>\n\t\t\t\t<\/div>\n\t\t\t\t\t<\/div>\n\t\t<\/div>\n\t\t\t\t\t<\/div>\n\t\t<\/section>\n\t\t\t\t<\/div>","protected":false},"excerpt":{"rendered":"<p>G\u00fcryap\u0131, in\u015faat \u00e7al\u0131\u015fmalar\u0131yla; T\u00fcrkiye\u2019de ve uluslararas\u0131 piyasada, 20 y\u0131l\u0131 a\u015fk\u0131n bir s\u00fcredir faaliyetlerini s\u00fcrd\u00fcrmektedir.Bilgi birikimi ve insan kayna\u011f\u0131n\u0131, topluma ve \u00fclkeye hizmet ve yasam kalitesini y\u00fckseltmek i\u00e7in kurgulam\u0131\u015ft\u0131r. \u0130n\u015faat alan\u0131nda \u00f6zellikle gelece\u011fi \u015fekillendiren b\u00fcy\u00fck projeleri hayata ge\u00e7iren G\u00fcryap\u0131, ele ald\u0131\u011f\u0131 her t\u00fcrl\u00fc taahh\u00fct\u00fc yerine getirerek g\u00fcven ve memnuniyet tesis etmeyi hedeflemi\u015ftir. G\u00fcryap\u0131, in\u015faat \u00e7al\u0131\u015fmalar\u0131yla; toplu &hellip; <br \/><a href=\"https:\/\/guryapi.com\/en\/insaat\/\" class=\"more-link\">Continue reading <span class=\"screen-reader-text\">Construction<\/span><\/a><\/p>","protected":false},"author":1,"featured_media":0,"parent":0,"menu_order":0,"comment_status":"closed","ping_status":"closed","template":"","meta":{"ngg_post_thumbnail":0,"footnotes":""},"class_list":["post-4906","page","type-page","status-publish","hentry"],"_links":{"self":[{"href":"https:\/\/guryapi.com\/en\/wp-json\/wp\/v2\/pages\/4906","targetHints":{"allow":["GET"]}}],"collection":[{"href":"https:\/\/guryapi.com\/en\/wp-json\/wp\/v2\/pages"}],"about":[{"href":"https:\/\/guryapi.com\/en\/wp-json\/wp\/v2\/types\/page"}],"author":[{"embeddable":true,"href":"https:\/\/guryapi.com\/en\/wp-json\/wp\/v2\/users\/1"}],"replies":[{"embeddable":true,"href":"https:\/\/guryapi.com\/en\/wp-json\/wp\/v2\/comments?post=4906"}],"version-history":[{"count":21,"href":"https:\/\/guryapi.com\/en\/wp-json\/wp\/v2\/pages\/4906\/revisions"}],"predecessor-version":[{"id":5484,"href":"https:\/\/guryapi.com\/en\/wp-json\/wp\/v2\/pages\/4906\/revisions\/5484"}],"wp:attachment":[{"href":"https:\/\/guryapi.com\/en\/wp-json\/wp\/v2\/media?parent=4906"}],"curies":[{"name":"wp","href":"https:\/\/api.w.org\/{rel}","templated":true}]}}