{"id":4076,"date":"2023-02-06T18:36:34","date_gmt":"2023-02-06T18:36:34","guid":{"rendered":"https:\/\/guryapi.com\/?page_id=4076"},"modified":"2024-03-08T12:30:33","modified_gmt":"2024-03-08T12:30:33","slug":"kalite-cevre-isg-politikalari","status":"publish","type":"page","link":"https:\/\/guryapi.com\/en\/kalite-cevre-isg-politikalari\/","title":{"rendered":"Home Quality &amp; Environment WHS Policies"},"content":{"rendered":"<p><strong>G\u00fcryap\u0131 Quality &amp; Environment &amp; WHS Policies:<\/strong> Bina ve Bina D\u0131\u015f\u0131 Yap\u0131lar\u0131n Altyap\u0131 \u00dcstyap\u0131 \u0130n\u015faat Taahh\u00fct, Bak\u0131m-Onar\u0131m, Restorasyon, Elektrik Mekanik Tesisat \u0130\u015fleri; Yol \u0130n\u015faat\u0131, Telekom\u00fcnikasyon ve Otomasyon \u0130\u015fleri, Boru Hatt\u0131 (Akaryak\u0131t, Gaz, Do\u011falgaz, Jeotermal Su, Kimyasal Madde, \u015eehir Su Da\u011f\u0131t\u0131m \u015eebekeleri) D\u00f6\u015feme \u0130\u015fleri, \u00c7evre D\u00fczenleme Hizmetleri konular\u0131nda faaliyet g\u00f6steren firmam\u0131z; M\u00fc\u015fterilerimizin ihtiya\u00e7 ve beklentisini kar\u015f\u0131layacak \u015fekilde malzeme tedari\u011fi yaparak s\u00fcrekli bir m\u00fc\u015fteri memnuniyeti sa\u011flamak, \u00c7evre etkilerini ve riskleri g\u00f6z \u00f6n\u00fcnde bulundurarak, uygun kaynak ve teknolojiyi kullanarak, toplama, ay\u0131rma ve geri kazan\u0131m faaliyetlerini yapmak, Kurulu\u015fumuz, \u00e7evre, i\u015f sa\u011fl\u0131\u011f\u0131 ve g\u00fcvenli\u011fi ilgili yasal d\u00fczenlemelere uygun olarak faaliyetlerini s\u00fcrd\u00fcrmek, Kalite &amp; \u00c7evre &amp; ISO 45001:2018 \u0130\u015f sa\u011fl\u0131\u011f\u0131 ve G\u00fcvenli\u011fi Y\u00f6netim sistemlerinin \u015fartlar\u0131na uymak ve s\u00fcrekli g\u00f6zden ge\u00e7irilmesini, iyile\u015ftirilmesini sa\u011flamak, Kalite &amp; \u00c7evre &amp; \u0130SG ile ilgili konularda m\u00fc\u015fteri, tedarik\u00e7i, resmi ve di\u011fer kurulu\u015flarla ileti\u015fim i\u00e7inde olmak ve gereken konularda destek vermek, Do\u011fal kaynaklar\u0131 verimli kullanarak, \u00e7evre boyutlar\u0131n\u0131 kontrol alt\u0131nda tutarak, \u00e7evre kirlili\u011fini azaltmak, Kaliteyi s\u00fcrekli iyile\u015ftirme, geli\u015ftirme ve verimlili\u011fi artt\u0131rma konusunda \u00e7al\u0131\u015fmalar yapmak, T\u00fcm \u00e7al\u0131\u015fanlar\u0131m\u0131za Kalite &amp; \u00c7evre &amp; \u0130SG ile ilgili s\u00fcrekli e\u011fitim ve motivasyon sa\u011flamak, Kurulu\u015fumuz, \u00e7al\u0131\u015fanlar\u0131na, topluma ve \u00e7evreye kar\u015f\u0131 sorumluluk bilincinde olup, g\u00fcvenli ve sa\u011fl\u0131kl\u0131 bir ortam\u0131n olu\u015fmas\u0131 i\u00e7in gerekenleri yapaca\u011f\u0131n\u0131 taahh\u00fct eder.<\/p>","protected":false},"excerpt":{"rendered":"<p>G\u00fcryap\u0131 Kalite &amp; \u00c7evre &amp; \u0130SG Politikalar\u0131; Bina ve Bina D\u0131\u015f\u0131 Yap\u0131lar\u0131n Altyap\u0131 \u00dcstyap\u0131 \u0130n\u015faat Taahh\u00fct, Bak\u0131m-Onar\u0131m, Restorasyon, Elektrik Mekanik Tesisat \u0130\u015fleri; Yol \u0130n\u015faat\u0131, Telekom\u00fcnikasyon ve Otomasyon \u0130\u015fleri, Boru Hatt\u0131 (Akaryak\u0131t, Gaz, Do\u011falgaz, Jeotermal Su, Kimyasal Madde, \u015eehir Su Da\u011f\u0131t\u0131m \u015eebekeleri) D\u00f6\u015feme \u0130\u015fleri, \u00c7evre D\u00fczenleme Hizmetleri konular\u0131nda faaliyet g\u00f6steren firmam\u0131z; M\u00fc\u015fterilerimizin ihtiya\u00e7 ve beklentisini kar\u015f\u0131layacak &hellip; <br \/><a href=\"https:\/\/guryapi.com\/en\/kalite-cevre-isg-politikalari\/\" class=\"more-link\">Continue reading <span class=\"screen-reader-text\">Home Quality &amp; Environment WHS Policies<\/span><\/a><\/p>","protected":false},"author":1,"featured_media":0,"parent":0,"menu_order":0,"comment_status":"closed","ping_status":"closed","template":"","meta":{"ngg_post_thumbnail":0,"footnotes":""},"class_list":["post-4076","page","type-page","status-publish","hentry"],"_links":{"self":[{"href":"https:\/\/guryapi.com\/en\/wp-json\/wp\/v2\/pages\/4076","targetHints":{"allow":["GET"]}}],"collection":[{"href":"https:\/\/guryapi.com\/en\/wp-json\/wp\/v2\/pages"}],"about":[{"href":"https:\/\/guryapi.com\/en\/wp-json\/wp\/v2\/types\/page"}],"author":[{"embeddable":true,"href":"https:\/\/guryapi.com\/en\/wp-json\/wp\/v2\/users\/1"}],"replies":[{"embeddable":true,"href":"https:\/\/guryapi.com\/en\/wp-json\/wp\/v2\/comments?post=4076"}],"version-history":[{"count":2,"href":"https:\/\/guryapi.com\/en\/wp-json\/wp\/v2\/pages\/4076\/revisions"}],"predecessor-version":[{"id":5246,"href":"https:\/\/guryapi.com\/en\/wp-json\/wp\/v2\/pages\/4076\/revisions\/5246"}],"wp:attachment":[{"href":"https:\/\/guryapi.com\/en\/wp-json\/wp\/v2\/media?parent=4076"}],"curies":[{"name":"wp","href":"https:\/\/api.w.org\/{rel}","templated":true}]}}