{"id":4060,"date":"2023-02-06T18:12:03","date_gmt":"2023-02-06T18:12:03","guid":{"rendered":"https:\/\/guryapi.com\/?page_id=4060"},"modified":"2023-02-27T09:04:50","modified_gmt":"2023-02-27T09:04:50","slug":"manifesto","status":"publish","type":"page","link":"https:\/\/guryapi.com\/en\/manifesto\/","title":{"rendered":"Manifesto"},"content":{"rendered":"<div data-elementor-type=\"wp-page\" data-elementor-id=\"4060\" class=\"elementor elementor-4060\">\n\t\t\t\t\t\t<section class=\"elementor-section elementor-top-section elementor-element elementor-element-f076af4 elementor-section-boxed elementor-section-height-default elementor-section-height-default\" data-id=\"f076af4\" data-element_type=\"section\">\n\t\t\t\t\t\t<div class=\"elementor-container elementor-column-gap-default\">\n\t\t\t\t\t<div class=\"elementor-column elementor-col-33 elementor-top-column elementor-element elementor-element-560b66a\" data-id=\"560b66a\" data-element_type=\"column\">\n\t\t\t<div class=\"elementor-widget-wrap elementor-element-populated\">\n\t\t\t\t\t\t<div class=\"elementor-element elementor-element-33f8cdf elementor-widget elementor-widget-heading\" data-id=\"33f8cdf\" data-element_type=\"widget\" data-widget_type=\"heading.default\">\n\t\t\t\t<div class=\"elementor-widget-container\">\n\t\t\t<h2 class=\"elementor-heading-title elementor-size-default\">1<\/h2>\t\t<\/div>\n\t\t\t\t<\/div>\n\t\t\t\t<div class=\"elementor-element elementor-element-1a756f9 elementor-widget elementor-widget-text-editor\" data-id=\"1a756f9\" data-element_type=\"widget\" data-widget_type=\"text-editor.default\">\n\t\t\t\t<div class=\"elementor-widget-container\">\n\t\t\t\t\t\t\t<p>Our deeply rooted values and sense of social responsibility shape our mind and heart. We promise to always act with this awareness.<\/p>\t\t\t\t\t\t<\/div>\n\t\t\t\t<\/div>\n\t\t\t\t\t<\/div>\n\t\t<\/div>\n\t\t\t\t<div class=\"elementor-column elementor-col-33 elementor-top-column elementor-element elementor-element-cd9ddfb\" data-id=\"cd9ddfb\" data-element_type=\"column\">\n\t\t\t<div class=\"elementor-widget-wrap elementor-element-populated\">\n\t\t\t\t\t\t<div class=\"elementor-element elementor-element-d54db20 elementor-widget elementor-widget-heading\" data-id=\"d54db20\" data-element_type=\"widget\" data-widget_type=\"heading.default\">\n\t\t\t\t<div class=\"elementor-widget-container\">\n\t\t\t<h2 class=\"elementor-heading-title elementor-size-default\">2<\/h2>\t\t<\/div>\n\t\t\t\t<\/div>\n\t\t\t\t<div class=\"elementor-element elementor-element-4a50d40 elementor-widget elementor-widget-text-editor\" data-id=\"4a50d40\" data-element_type=\"widget\" data-widget_type=\"text-editor.default\">\n\t\t\t\t<div class=\"elementor-widget-container\">\n\t\t\t\t\t\t\t<p><span style=\"color: #212529; font-family: -apple-system, BlinkMacSystemFont, 'Segoe UI', Roboto, 'Helvetica Neue', Arial, 'Noto Sans', sans-serif, 'Apple Color Emoji', 'Segoe UI Emoji', 'Segoe UI Symbol', 'Noto Color Emoji'; font-size: 16px;\">We follow in the track of the idea of a virtuous city set forth by our culture and civilization and believe that people's happiness can only be achieved by realizing shat is good, right, and beautiful in social life. Therefore, we are proud to put our signature under good, right, and beautiful works.<\/span><\/p>\t\t\t\t\t\t<\/div>\n\t\t\t\t<\/div>\n\t\t\t\t\t<\/div>\n\t\t<\/div>\n\t\t\t\t<div class=\"elementor-column elementor-col-33 elementor-top-column elementor-element elementor-element-9dba102\" data-id=\"9dba102\" data-element_type=\"column\">\n\t\t\t<div class=\"elementor-widget-wrap elementor-element-populated\">\n\t\t\t\t\t\t<div class=\"elementor-element elementor-element-f5265fd elementor-widget elementor-widget-image\" data-id=\"f5265fd\" data-element_type=\"widget\" data-widget_type=\"image.default\">\n\t\t\t\t<div class=\"elementor-widget-container\">\n\t\t\t\t\t\t\t\t\t\t\t\t\t<img fetchpriority=\"high\" decoding=\"async\" width=\"380\" height=\"275\" src=\"https:\/\/guryapi.com\/wp-content\/uploads\/2023\/02\/manifestobir.jpg\" class=\"attachment-full size-full wp-image-4062\" alt=\"\" srcset=\"https:\/\/guryapi.com\/wp-content\/uploads\/2023\/02\/manifestobir.jpg 380w, https:\/\/guryapi.com\/wp-content\/uploads\/2023\/02\/manifestobir-300x217.jpg 300w\" sizes=\"(max-width: 380px) 100vw, 380px\" \/>\t\t\t\t\t\t\t\t\t\t\t\t\t<\/div>\n\t\t\t\t<\/div>\n\t\t\t\t\t<\/div>\n\t\t<\/div>\n\t\t\t\t\t<\/div>\n\t\t<\/section>\n\t\t\t\t<section class=\"elementor-section elementor-top-section elementor-element elementor-element-19a9cd1 elementor-section-boxed elementor-section-height-default elementor-section-height-default\" data-id=\"19a9cd1\" data-element_type=\"section\">\n\t\t\t\t\t\t<div class=\"elementor-container elementor-column-gap-default\">\n\t\t\t\t\t<div class=\"elementor-column elementor-col-33 elementor-top-column elementor-element elementor-element-d4b5b38\" data-id=\"d4b5b38\" data-element_type=\"column\">\n\t\t\t<div class=\"elementor-widget-wrap elementor-element-populated\">\n\t\t\t\t\t\t<div class=\"elementor-element elementor-element-4d7086a elementor-widget elementor-widget-image\" data-id=\"4d7086a\" data-element_type=\"widget\" data-widget_type=\"image.default\">\n\t\t\t\t<div class=\"elementor-widget-container\">\n\t\t\t\t\t\t\t\t\t\t\t\t\t<img decoding=\"async\" width=\"380\" height=\"275\" src=\"https:\/\/guryapi.com\/wp-content\/uploads\/2023\/02\/manifestoiki.jpg\" class=\"attachment-full size-full wp-image-4063\" alt=\"\" srcset=\"https:\/\/guryapi.com\/wp-content\/uploads\/2023\/02\/manifestoiki.jpg 380w, https:\/\/guryapi.com\/wp-content\/uploads\/2023\/02\/manifestoiki-300x217.jpg 300w\" sizes=\"(max-width: 380px) 100vw, 380px\" \/>\t\t\t\t\t\t\t\t\t\t\t\t\t<\/div>\n\t\t\t\t<\/div>\n\t\t\t\t\t<\/div>\n\t\t<\/div>\n\t\t\t\t<div class=\"elementor-column elementor-col-33 elementor-top-column elementor-element elementor-element-43cf1f1\" data-id=\"43cf1f1\" data-element_type=\"column\">\n\t\t\t<div class=\"elementor-widget-wrap elementor-element-populated\">\n\t\t\t\t\t\t<div class=\"elementor-element elementor-element-263b6b7 elementor-widget elementor-widget-heading\" data-id=\"263b6b7\" data-element_type=\"widget\" data-widget_type=\"heading.default\">\n\t\t\t\t<div class=\"elementor-widget-container\">\n\t\t\t<h2 class=\"elementor-heading-title elementor-size-default\">3<\/h2>\t\t<\/div>\n\t\t\t\t<\/div>\n\t\t\t\t<div class=\"elementor-element elementor-element-3cf000d elementor-widget elementor-widget-text-editor\" data-id=\"3cf000d\" data-element_type=\"widget\" data-widget_type=\"text-editor.default\">\n\t\t\t\t<div class=\"elementor-widget-container\">\n\t\t\t\t\t\t\t<p>What we understand from business ethics is that all employees strive to do their jobs in the most accurate and beautiful way with the same sensitivity and meticulousness. This effort is a common characteristic of all our employees.<\/p>\t\t\t\t\t\t<\/div>\n\t\t\t\t<\/div>\n\t\t\t\t\t<\/div>\n\t\t<\/div>\n\t\t\t\t<div class=\"elementor-column elementor-col-33 elementor-top-column elementor-element elementor-element-0cc4db3\" data-id=\"0cc4db3\" data-element_type=\"column\">\n\t\t\t<div class=\"elementor-widget-wrap elementor-element-populated\">\n\t\t\t\t\t\t<div class=\"elementor-element elementor-element-441ef83 elementor-widget elementor-widget-heading\" data-id=\"441ef83\" data-element_type=\"widget\" data-widget_type=\"heading.default\">\n\t\t\t\t<div class=\"elementor-widget-container\">\n\t\t\t<h2 class=\"elementor-heading-title elementor-size-default\">4<\/h2>\t\t<\/div>\n\t\t\t\t<\/div>\n\t\t\t\t<div class=\"elementor-element elementor-element-a63e1be elementor-widget elementor-widget-text-editor\" data-id=\"a63e1be\" data-element_type=\"widget\" data-widget_type=\"text-editor.default\">\n\t\t\t\t<div class=\"elementor-widget-container\">\n\t\t\t\t\t\t\t<p>We are aware of our debt to the history that brought us to today. We strive to repay our debt by protecting what was entrusted to us.<\/p>\t\t\t\t\t\t<\/div>\n\t\t\t\t<\/div>\n\t\t\t\t\t<\/div>\n\t\t<\/div>\n\t\t\t\t\t<\/div>\n\t\t<\/section>\n\t\t\t\t<section class=\"elementor-section elementor-top-section elementor-element elementor-element-3b59ac0 elementor-section-boxed elementor-section-height-default elementor-section-height-default\" data-id=\"3b59ac0\" data-element_type=\"section\">\n\t\t\t\t\t\t<div class=\"elementor-container elementor-column-gap-default\">\n\t\t\t\t\t<div class=\"elementor-column elementor-col-33 elementor-top-column elementor-element elementor-element-6450c8d\" data-id=\"6450c8d\" data-element_type=\"column\">\n\t\t\t<div class=\"elementor-widget-wrap elementor-element-populated\">\n\t\t\t\t\t\t<div class=\"elementor-element elementor-element-99765db elementor-widget elementor-widget-heading\" data-id=\"99765db\" data-element_type=\"widget\" data-widget_type=\"heading.default\">\n\t\t\t\t<div class=\"elementor-widget-container\">\n\t\t\t<h2 class=\"elementor-heading-title elementor-size-default\">5<\/h2>\t\t<\/div>\n\t\t\t\t<\/div>\n\t\t\t\t<div class=\"elementor-element elementor-element-7f0329c elementor-widget elementor-widget-text-editor\" data-id=\"7f0329c\" data-element_type=\"widget\" data-widget_type=\"text-editor.default\">\n\t\t\t\t<div class=\"elementor-widget-container\">\n\t\t\t\t\t\t\t<p>Our constant priority in all our activities in all sectors is the protection of nature and environmental awareness. Because we are a part of nature. We live in harmony with it, rather that struggling with it.<\/p>\t\t\t\t\t\t<\/div>\n\t\t\t\t<\/div>\n\t\t\t\t\t<\/div>\n\t\t<\/div>\n\t\t\t\t<div class=\"elementor-column elementor-col-33 elementor-top-column elementor-element elementor-element-f402895\" data-id=\"f402895\" data-element_type=\"column\">\n\t\t\t<div class=\"elementor-widget-wrap elementor-element-populated\">\n\t\t\t\t\t\t<div class=\"elementor-element elementor-element-d602ae5 elementor-widget elementor-widget-image\" data-id=\"d602ae5\" data-element_type=\"widget\" data-widget_type=\"image.default\">\n\t\t\t\t<div class=\"elementor-widget-container\">\n\t\t\t\t\t\t\t\t\t\t\t\t\t<img decoding=\"async\" width=\"380\" height=\"275\" src=\"https:\/\/guryapi.com\/wp-content\/uploads\/2023\/02\/manifestouc.jpg\" class=\"attachment-full size-full wp-image-4064\" alt=\"\" srcset=\"https:\/\/guryapi.com\/wp-content\/uploads\/2023\/02\/manifestouc.jpg 380w, https:\/\/guryapi.com\/wp-content\/uploads\/2023\/02\/manifestouc-300x217.jpg 300w\" sizes=\"(max-width: 380px) 100vw, 380px\" \/>\t\t\t\t\t\t\t\t\t\t\t\t\t<\/div>\n\t\t\t\t<\/div>\n\t\t\t\t\t<\/div>\n\t\t<\/div>\n\t\t\t\t<div class=\"elementor-column elementor-col-33 elementor-top-column elementor-element elementor-element-80cf342\" data-id=\"80cf342\" data-element_type=\"column\">\n\t\t\t<div class=\"elementor-widget-wrap elementor-element-populated\">\n\t\t\t\t\t\t<div class=\"elementor-element elementor-element-b96aa6b elementor-widget elementor-widget-heading\" data-id=\"b96aa6b\" data-element_type=\"widget\" data-widget_type=\"heading.default\">\n\t\t\t\t<div class=\"elementor-widget-container\">\n\t\t\t<h2 class=\"elementor-heading-title elementor-size-default\">6<\/h2>\t\t<\/div>\n\t\t\t\t<\/div>\n\t\t\t\t<div class=\"elementor-element elementor-element-9c9b73b elementor-widget elementor-widget-text-editor\" data-id=\"9c9b73b\" data-element_type=\"widget\" data-widget_type=\"text-editor.default\">\n\t\t\t\t<div class=\"elementor-widget-container\">\n\t\t\t\t\t\t\t<p>We see the city in general and Istanbul in particular as the essence of our civilization, and we strive to carry out all our activities with the aim of serving the city and Istanbul.<\/p>\t\t\t\t\t\t<\/div>\n\t\t\t\t<\/div>\n\t\t\t\t\t<\/div>\n\t\t<\/div>\n\t\t\t\t\t<\/div>\n\t\t<\/section>\n\t\t\t\t<section class=\"elementor-section elementor-top-section elementor-element elementor-element-bb3312f elementor-section-boxed elementor-section-height-default elementor-section-height-default\" data-id=\"bb3312f\" data-element_type=\"section\">\n\t\t\t\t\t\t<div class=\"elementor-container elementor-column-gap-default\">\n\t\t\t\t\t<div class=\"elementor-column elementor-col-33 elementor-top-column elementor-element elementor-element-469afd7\" data-id=\"469afd7\" data-element_type=\"column\">\n\t\t\t<div class=\"elementor-widget-wrap elementor-element-populated\">\n\t\t\t\t\t\t<div class=\"elementor-element elementor-element-7abad7c elementor-widget elementor-widget-heading\" data-id=\"7abad7c\" data-element_type=\"widget\" data-widget_type=\"heading.default\">\n\t\t\t\t<div class=\"elementor-widget-container\">\n\t\t\t<h2 class=\"elementor-heading-title elementor-size-default\">7<\/h2>\t\t<\/div>\n\t\t\t\t<\/div>\n\t\t\t\t<div class=\"elementor-element elementor-element-4392a77 elementor-widget elementor-widget-text-editor\" data-id=\"4392a77\" data-element_type=\"widget\" data-widget_type=\"text-editor.default\">\n\t\t\t\t<div class=\"elementor-widget-container\">\n\t\t\t\t\t\t\t<p>We consider creating projects in line with the spirit of the times and accomplishing beyond people's expectations as a part of our corporate identity, just like our name.<\/p>\t\t\t\t\t\t<\/div>\n\t\t\t\t<\/div>\n\t\t\t\t\t<\/div>\n\t\t<\/div>\n\t\t\t\t<div class=\"elementor-column elementor-col-33 elementor-top-column elementor-element elementor-element-fc5ac80\" data-id=\"fc5ac80\" data-element_type=\"column\">\n\t\t\t<div class=\"elementor-widget-wrap elementor-element-populated\">\n\t\t\t\t\t\t<div class=\"elementor-element elementor-element-aa67acb elementor-widget elementor-widget-heading\" data-id=\"aa67acb\" data-element_type=\"widget\" data-widget_type=\"heading.default\">\n\t\t\t\t<div class=\"elementor-widget-container\">\n\t\t\t<h2 class=\"elementor-heading-title elementor-size-default\">8<\/h2>\t\t<\/div>\n\t\t\t\t<\/div>\n\t\t\t\t<div class=\"elementor-element elementor-element-1c17ccb elementor-widget elementor-widget-text-editor\" data-id=\"1c17ccb\" data-element_type=\"widget\" data-widget_type=\"text-editor.default\">\n\t\t\t\t<div class=\"elementor-widget-container\">\n\t\t\t\t\t\t\t<p>While we see local and national values as our compass, we also see interacting with and benefiting from different cultural values as a richness.<\/p>\t\t\t\t\t\t<\/div>\n\t\t\t\t<\/div>\n\t\t\t\t\t<\/div>\n\t\t<\/div>\n\t\t\t\t<div class=\"elementor-column elementor-col-33 elementor-top-column elementor-element elementor-element-57e7e1d\" data-id=\"57e7e1d\" data-element_type=\"column\">\n\t\t\t<div class=\"elementor-widget-wrap elementor-element-populated\">\n\t\t\t\t\t\t<div class=\"elementor-element elementor-element-9173e06 elementor-widget elementor-widget-image\" data-id=\"9173e06\" data-element_type=\"widget\" data-widget_type=\"image.default\">\n\t\t\t\t<div class=\"elementor-widget-container\">\n\t\t\t\t\t\t\t\t\t\t\t\t\t<img loading=\"lazy\" decoding=\"async\" width=\"380\" height=\"275\" src=\"https:\/\/guryapi.com\/wp-content\/uploads\/2023\/02\/manifestodort.jpg\" class=\"attachment-full size-full wp-image-4065\" alt=\"\" srcset=\"https:\/\/guryapi.com\/wp-content\/uploads\/2023\/02\/manifestodort.jpg 380w, https:\/\/guryapi.com\/wp-content\/uploads\/2023\/02\/manifestodort-300x217.jpg 300w\" sizes=\"(max-width: 380px) 100vw, 380px\" \/>\t\t\t\t\t\t\t\t\t\t\t\t\t<\/div>\n\t\t\t\t<\/div>\n\t\t\t\t\t<\/div>\n\t\t<\/div>\n\t\t\t\t\t<\/div>\n\t\t<\/section>\n\t\t\t\t<section class=\"elementor-section elementor-top-section elementor-element elementor-element-0a8153c elementor-section-boxed elementor-section-height-default elementor-section-height-default\" data-id=\"0a8153c\" data-element_type=\"section\">\n\t\t\t\t\t\t<div class=\"elementor-container elementor-column-gap-default\">\n\t\t\t\t\t<div class=\"elementor-column elementor-col-33 elementor-top-column elementor-element elementor-element-b909641\" data-id=\"b909641\" data-element_type=\"column\">\n\t\t\t<div class=\"elementor-widget-wrap elementor-element-populated\">\n\t\t\t\t\t\t<div class=\"elementor-element elementor-element-8f1b4b7 elementor-widget elementor-widget-image\" data-id=\"8f1b4b7\" data-element_type=\"widget\" data-widget_type=\"image.default\">\n\t\t\t\t<div class=\"elementor-widget-container\">\n\t\t\t\t\t\t\t\t\t\t\t\t\t<img loading=\"lazy\" decoding=\"async\" width=\"380\" height=\"275\" src=\"https:\/\/guryapi.com\/wp-content\/uploads\/2023\/02\/manifestobes.jpg\" class=\"attachment-full size-full wp-image-4066\" alt=\"\" srcset=\"https:\/\/guryapi.com\/wp-content\/uploads\/2023\/02\/manifestobes.jpg 380w, https:\/\/guryapi.com\/wp-content\/uploads\/2023\/02\/manifestobes-300x217.jpg 300w\" sizes=\"(max-width: 380px) 100vw, 380px\" \/>\t\t\t\t\t\t\t\t\t\t\t\t\t<\/div>\n\t\t\t\t<\/div>\n\t\t\t\t\t<\/div>\n\t\t<\/div>\n\t\t\t\t<div class=\"elementor-column elementor-col-33 elementor-top-column elementor-element elementor-element-b360e40\" data-id=\"b360e40\" data-element_type=\"column\">\n\t\t\t<div class=\"elementor-widget-wrap elementor-element-populated\">\n\t\t\t\t\t\t<div class=\"elementor-element elementor-element-36fbca7 elementor-widget elementor-widget-heading\" data-id=\"36fbca7\" data-element_type=\"widget\" data-widget_type=\"heading.default\">\n\t\t\t\t<div class=\"elementor-widget-container\">\n\t\t\t<h2 class=\"elementor-heading-title elementor-size-default\">9<\/h2>\t\t<\/div>\n\t\t\t\t<\/div>\n\t\t\t\t<div class=\"elementor-element elementor-element-2078422 elementor-widget elementor-widget-text-editor\" data-id=\"2078422\" data-element_type=\"widget\" data-widget_type=\"text-editor.default\">\n\t\t\t\t<div class=\"elementor-widget-container\">\n\t\t\t\t\t\t\t<p>We perceive transparency and always being open to communication as a vital condition of existence, and promise to fulfill its requirements under all circumstances.<\/p>\t\t\t\t\t\t<\/div>\n\t\t\t\t<\/div>\n\t\t\t\t\t<\/div>\n\t\t<\/div>\n\t\t\t\t<div class=\"elementor-column elementor-col-33 elementor-top-column elementor-element elementor-element-510aeab\" data-id=\"510aeab\" data-element_type=\"column\">\n\t\t\t<div class=\"elementor-widget-wrap elementor-element-populated\">\n\t\t\t\t\t\t<div class=\"elementor-element elementor-element-0e34452 elementor-widget elementor-widget-heading\" data-id=\"0e34452\" data-element_type=\"widget\" data-widget_type=\"heading.default\">\n\t\t\t\t<div class=\"elementor-widget-container\">\n\t\t\t<h2 class=\"elementor-heading-title elementor-size-default\">10<\/h2>\t\t<\/div>\n\t\t\t\t<\/div>\n\t\t\t\t<div class=\"elementor-element elementor-element-e328264 elementor-widget elementor-widget-text-editor\" data-id=\"e328264\" data-element_type=\"widget\" data-widget_type=\"text-editor.default\">\n\t\t\t\t<div class=\"elementor-widget-container\">\n\t\t\t\t\t\t\t<p>We believe that every member of our company is aware that they cannot be a part of this organization unless they act in accordance with the above core values and principles.<\/p>\t\t\t\t\t\t<\/div>\n\t\t\t\t<\/div>\n\t\t\t\t\t<\/div>\n\t\t<\/div>\n\t\t\t\t\t<\/div>\n\t\t<\/section>\n\t\t\t\t<\/div>","protected":false},"excerpt":{"rendered":"<p>1 Akl\u0131n\u0131 ve kalbini kadim de\u011ferlerimiz ve sosyal sorumluluk bilinci olu\u015fturur. Daima bu bilin\u00e7le hareket edece\u011fimize s\u00f6z veriyoruz. 2 K\u00fclt\u00fcr ve medeniyetimizin ortaya koydu\u011fu erdemli \u015fehir fikrinin izinde ilerliyor ve insanlar\u0131n mutlulu\u011funun ancak toplum hayat\u0131nda iyiyi, do\u011fruyu ve g\u00fczeli ger\u00e7ekle\u015ftirerek sa\u011flanabilece\u011fine inan\u0131yoruz. Bu y\u00fczden iyi, do\u011fru ve g\u00fczel i\u015flerin alt\u0131na imzam\u0131z\u0131 atmaktan gurur duyuyoruz. 3 &hellip; <br \/><a href=\"https:\/\/guryapi.com\/en\/manifesto\/\" class=\"more-link\">Continue reading <span class=\"screen-reader-text\">Manifesto<\/span><\/a><\/p>","protected":false},"author":1,"featured_media":0,"parent":0,"menu_order":0,"comment_status":"closed","ping_status":"closed","template":"","meta":{"ngg_post_thumbnail":0,"footnotes":""},"class_list":["post-4060","page","type-page","status-publish","hentry"],"_links":{"self":[{"href":"https:\/\/guryapi.com\/en\/wp-json\/wp\/v2\/pages\/4060","targetHints":{"allow":["GET"]}}],"collection":[{"href":"https:\/\/guryapi.com\/en\/wp-json\/wp\/v2\/pages"}],"about":[{"href":"https:\/\/guryapi.com\/en\/wp-json\/wp\/v2\/types\/page"}],"author":[{"embeddable":true,"href":"https:\/\/guryapi.com\/en\/wp-json\/wp\/v2\/users\/1"}],"replies":[{"embeddable":true,"href":"https:\/\/guryapi.com\/en\/wp-json\/wp\/v2\/comments?post=4060"}],"version-history":[{"count":5,"href":"https:\/\/guryapi.com\/en\/wp-json\/wp\/v2\/pages\/4060\/revisions"}],"predecessor-version":[{"id":4070,"href":"https:\/\/guryapi.com\/en\/wp-json\/wp\/v2\/pages\/4060\/revisions\/4070"}],"wp:attachment":[{"href":"https:\/\/guryapi.com\/en\/wp-json\/wp\/v2\/media?parent=4060"}],"curies":[{"name":"wp","href":"https:\/\/api.w.org\/{rel}","templated":true}]}}