{"id":4048,"date":"2023-02-06T18:00:35","date_gmt":"2023-02-06T18:00:35","guid":{"rendered":"https:\/\/guryapi.com\/?page_id=4048"},"modified":"2023-02-27T09:04:09","modified_gmt":"2023-02-27T09:04:09","slug":"degerlerimiz","status":"publish","type":"page","link":"https:\/\/guryapi.com\/en\/degerlerimiz\/","title":{"rendered":"Our Values"},"content":{"rendered":"<div data-elementor-type=\"wp-page\" data-elementor-id=\"4048\" class=\"elementor elementor-4048\">\n\t\t\t\t\t\t<section class=\"elementor-section elementor-top-section elementor-element elementor-element-bba1d66 elementor-section-boxed elementor-section-height-default elementor-section-height-default\" data-id=\"bba1d66\" data-element_type=\"section\">\n\t\t\t\t\t\t<div class=\"elementor-container elementor-column-gap-default\">\n\t\t\t\t\t<div class=\"elementor-column elementor-col-50 elementor-top-column elementor-element elementor-element-b5b99bf\" data-id=\"b5b99bf\" data-element_type=\"column\">\n\t\t\t<div class=\"elementor-widget-wrap elementor-element-populated\">\n\t\t\t\t\t\t<div class=\"elementor-element elementor-element-4704d1c elementor-widget elementor-widget-text-editor\" data-id=\"4704d1c\" data-element_type=\"widget\" data-widget_type=\"text-editor.default\">\n\t\t\t\t<div class=\"elementor-widget-container\">\n\t\t\t\t\t\t\t<h1 class=\"text-3xl font-poppins font-normal text-gray-900\"><strong>RESPECT<\/strong><\/h1><div class=\"mt-2 text-sm font-light font-poppins text-gray-800 tracking-wider leading-loose\"><p>At G\u00fcryap\u0131, we act with the awareness that the most important value that humanity should have is \"respect\".  In every project and activity we undertake, we adopt an understanding that respects both the physical and emotional personality of the individuals in our society and tolerates their differences.<br \/><br \/>We derive our enthusiasm from the spiritual richness and tradition of the land we live on.  For this reason, we embrace our culture and values, and undertake exemplary projects with the respect we feel for the trusts entrusted to us.<br \/><br \/>While prioritizing the principle of environmental sensitivity in our project processes, we draw inspiration from nature, which is generous to all living things.  Recognizing the importance of a structure that touches nature and society for our people, we will continue to take firm steps in order to keep our history and traditions alive tomorrow as we do today.<\/p><\/div>\t\t\t\t\t\t<\/div>\n\t\t\t\t<\/div>\n\t\t\t\t\t<\/div>\n\t\t<\/div>\n\t\t\t\t<div class=\"elementor-column elementor-col-50 elementor-top-column elementor-element elementor-element-edc3bbe\" data-id=\"edc3bbe\" data-element_type=\"column\">\n\t\t\t<div class=\"elementor-widget-wrap elementor-element-populated\">\n\t\t\t\t\t\t<div class=\"elementor-element elementor-element-903dce2 elementor-widget elementor-widget-image\" data-id=\"903dce2\" data-element_type=\"widget\" data-widget_type=\"image.default\">\n\t\t\t\t<div class=\"elementor-widget-container\">\n\t\t\t\t\t\t\t\t\t\t\t\t\t<img fetchpriority=\"high\" decoding=\"async\" width=\"570\" height=\"524\" src=\"https:\/\/guryapi.com\/wp-content\/uploads\/2023\/02\/6c7c4693d0078326fd9727800.webp\" class=\"attachment-full size-full wp-image-4050\" alt=\"\" srcset=\"https:\/\/guryapi.com\/wp-content\/uploads\/2023\/02\/6c7c4693d0078326fd9727800.webp 570w, https:\/\/guryapi.com\/wp-content\/uploads\/2023\/02\/6c7c4693d0078326fd9727800-300x276.webp 300w, https:\/\/guryapi.com\/wp-content\/uploads\/2023\/02\/6c7c4693d0078326fd9727800-460x423.webp 460w\" sizes=\"(max-width: 570px) 100vw, 570px\" \/>\t\t\t\t\t\t\t\t\t\t\t\t\t<\/div>\n\t\t\t\t<\/div>\n\t\t\t\t\t<\/div>\n\t\t<\/div>\n\t\t\t\t\t<\/div>\n\t\t<\/section>\n\t\t\t\t<section class=\"elementor-section elementor-top-section elementor-element elementor-element-696e4b6 elementor-section-boxed elementor-section-height-default elementor-section-height-default\" data-id=\"696e4b6\" data-element_type=\"section\">\n\t\t\t\t\t\t<div class=\"elementor-container elementor-column-gap-default\">\n\t\t\t\t\t<div class=\"elementor-column elementor-col-50 elementor-top-column elementor-element elementor-element-447b683\" data-id=\"447b683\" data-element_type=\"column\">\n\t\t\t<div class=\"elementor-widget-wrap elementor-element-populated\">\n\t\t\t\t\t\t<div class=\"elementor-element elementor-element-a1e1191 elementor-widget elementor-widget-image\" data-id=\"a1e1191\" data-element_type=\"widget\" data-widget_type=\"image.default\">\n\t\t\t\t<div class=\"elementor-widget-container\">\n\t\t\t\t\t\t\t\t\t\t\t\t\t<img decoding=\"async\" width=\"570\" height=\"524\" src=\"https:\/\/guryapi.com\/wp-content\/uploads\/2023\/02\/deger.png\" class=\"attachment-full size-full wp-image-4358\" alt=\"\" srcset=\"https:\/\/guryapi.com\/wp-content\/uploads\/2023\/02\/deger.png 570w, https:\/\/guryapi.com\/wp-content\/uploads\/2023\/02\/deger-300x276.png 300w, https:\/\/guryapi.com\/wp-content\/uploads\/2023\/02\/deger-13x12.png 13w, https:\/\/guryapi.com\/wp-content\/uploads\/2023\/02\/deger-460x423.png 460w\" sizes=\"(max-width: 570px) 100vw, 570px\" \/>\t\t\t\t\t\t\t\t\t\t\t\t\t<\/div>\n\t\t\t\t<\/div>\n\t\t\t\t\t<\/div>\n\t\t<\/div>\n\t\t\t\t<div class=\"elementor-column elementor-col-50 elementor-top-column elementor-element elementor-element-97de529\" data-id=\"97de529\" data-element_type=\"column\">\n\t\t\t<div class=\"elementor-widget-wrap elementor-element-populated\">\n\t\t\t\t\t\t<div class=\"elementor-element elementor-element-08472e3 elementor-widget elementor-widget-text-editor\" data-id=\"08472e3\" data-element_type=\"widget\" data-widget_type=\"text-editor.default\">\n\t\t\t\t<div class=\"elementor-widget-container\">\n\t\t\t\t\t\t\t<h1 class=\"text-3xl font-poppins font-normal text-gray-900\"><strong>RESPONSIBILITY<\/strong><\/h1><div class=\"mt-2 text-sm font-light font-poppins text-gray-800 tracking-wider leading-loose\"><p>Respect for the ethical and moral lines of our society is one of our most important lines. At G\u00fcryap\u0131, while maintaining our respectful stance towards reason, wisdom, thought, and culture in our business life where we act with the principle of respect for these values of the society, we take care to sign projects that represent the right, useful, and sustainable for our people.<br \/><br \/>We intend to display our responsibility of being an example in the sector with our effective and competent stance in the projects we realize on the axis of respect for our national values. Based on this awareness, we make the utmost effort in order to contribute to the cultural and educational level of the society with every project bearing our signature.<br \/><br \/>Operating with the principle of \"responsibility for the present and the future\", our company acts with the basic principle of \"environmental sensitivity\" in all its business processes and social life.<\/p><\/div>\t\t\t\t\t\t<\/div>\n\t\t\t\t<\/div>\n\t\t\t\t\t<\/div>\n\t\t<\/div>\n\t\t\t\t\t<\/div>\n\t\t<\/section>\n\t\t\t\t<section class=\"elementor-section elementor-top-section elementor-element elementor-element-6a646b7 elementor-section-boxed elementor-section-height-default elementor-section-height-default\" data-id=\"6a646b7\" data-element_type=\"section\">\n\t\t\t\t\t\t<div class=\"elementor-container elementor-column-gap-default\">\n\t\t\t\t\t<div class=\"elementor-column elementor-col-50 elementor-top-column elementor-element elementor-element-fb4353a\" data-id=\"fb4353a\" data-element_type=\"column\">\n\t\t\t<div class=\"elementor-widget-wrap elementor-element-populated\">\n\t\t\t\t\t\t<div class=\"elementor-element elementor-element-8fe7121 elementor-widget elementor-widget-text-editor\" data-id=\"8fe7121\" data-element_type=\"widget\" data-widget_type=\"text-editor.default\">\n\t\t\t\t<div class=\"elementor-widget-container\">\n\t\t\t\t\t\t\t<h1 class=\"text-3xl font-poppins font-normal text-gray-900\"><strong>INNOVATIVENESS<\/strong><\/h1><div class=\"mt-2 text-sm font-light font-poppins text-gray-800 tracking-wider leading-loose\"><p>At G\u00fcryap\u0131, we always support change within the framework of our values and principles in a constantly developing and changing world. In order to complete every project we put our signature on in the best manner, we support new ideas and products by prioritizing innovation and development. We keep the strategy and goals of our organization high by working result-oriented in all our projects that we realize with the innovations required by the age.<br \/><br \/>We adopt adding value and providing the highest quality service as a business model in our projects that we handle by prioritizing customer satisfaction.<br \/><br \/>We are aware that what lies under our success in the business world is our working discipline that we have developed in line with moral values. At G\u00fcryap\u0131, we will never compromise our principle of \"ethical work\", which we have adopted as a principle since the first day of our foundation, and we will continue to work in order to build a happy and modern future.<\/p><\/div>\t\t\t\t\t\t<\/div>\n\t\t\t\t<\/div>\n\t\t\t\t\t<\/div>\n\t\t<\/div>\n\t\t\t\t<div class=\"elementor-column elementor-col-50 elementor-top-column elementor-element elementor-element-5a7e9e8\" data-id=\"5a7e9e8\" data-element_type=\"column\">\n\t\t\t<div class=\"elementor-widget-wrap elementor-element-populated\">\n\t\t\t\t\t\t<div class=\"elementor-element elementor-element-0d6d45a elementor-widget elementor-widget-image\" data-id=\"0d6d45a\" data-element_type=\"widget\" data-widget_type=\"image.default\">\n\t\t\t\t<div class=\"elementor-widget-container\">\n\t\t\t\t\t\t\t\t\t\t\t\t\t<img decoding=\"async\" width=\"570\" height=\"524\" src=\"https:\/\/guryapi.com\/wp-content\/uploads\/2023\/02\/6c7c4693d0078326fd9727801.webp\" class=\"attachment-full size-full wp-image-4051\" alt=\"\" srcset=\"https:\/\/guryapi.com\/wp-content\/uploads\/2023\/02\/6c7c4693d0078326fd9727801.webp 570w, https:\/\/guryapi.com\/wp-content\/uploads\/2023\/02\/6c7c4693d0078326fd9727801-300x276.webp 300w, https:\/\/guryapi.com\/wp-content\/uploads\/2023\/02\/6c7c4693d0078326fd9727801-460x423.webp 460w\" sizes=\"(max-width: 570px) 100vw, 570px\" \/>\t\t\t\t\t\t\t\t\t\t\t\t\t<\/div>\n\t\t\t\t<\/div>\n\t\t\t\t\t<\/div>\n\t\t<\/div>\n\t\t\t\t\t<\/div>\n\t\t<\/section>\n\t\t\t\t<\/div>","protected":false},"excerpt":{"rendered":"<p>SAYGI G\u00fcryap\u0131 olarak insanl\u0131\u011f\u0131n sahip olmas\u0131 gereken en \u00f6nemli de\u011ferin \u2018\u2019sayg\u0131\u2019\u2019 oldu\u011fu bilinciyle hareket ediyoruz. \u0130mzam\u0131z\u0131 att\u0131\u011f\u0131m\u0131z her proje ve faaliyette, bulundu\u011fumuz toplumdaki bireylerin hem fiziksel hem de duygusal ki\u015fili\u011fine sayg\u0131 g\u00f6steren, farkl\u0131l\u0131klar\u0131n\u0131 ho\u015f g\u00f6ren bir anlay\u0131\u015f\u0131 benimsiyoruz. Heyecan\u0131m\u0131z\u0131 var oldu\u011fumuz manevi zenginlikler ve \u00fczerinde ya\u015fad\u0131\u011f\u0131m\u0131z topraklar\u0131n gelene\u011finden al\u0131yoruz. Bu nedenle k\u00fclt\u00fcr\u00fcm\u00fcze ve de\u011ferlerimize sahip &hellip; <br \/><a href=\"https:\/\/guryapi.com\/en\/degerlerimiz\/\" class=\"more-link\">Continue reading <span class=\"screen-reader-text\">Our Values<\/span><\/a><\/p>","protected":false},"author":1,"featured_media":0,"parent":0,"menu_order":0,"comment_status":"closed","ping_status":"closed","template":"","meta":{"ngg_post_thumbnail":0,"footnotes":""},"class_list":["post-4048","page","type-page","status-publish","hentry"],"_links":{"self":[{"href":"https:\/\/guryapi.com\/en\/wp-json\/wp\/v2\/pages\/4048","targetHints":{"allow":["GET"]}}],"collection":[{"href":"https:\/\/guryapi.com\/en\/wp-json\/wp\/v2\/pages"}],"about":[{"href":"https:\/\/guryapi.com\/en\/wp-json\/wp\/v2\/types\/page"}],"author":[{"embeddable":true,"href":"https:\/\/guryapi.com\/en\/wp-json\/wp\/v2\/users\/1"}],"replies":[{"embeddable":true,"href":"https:\/\/guryapi.com\/en\/wp-json\/wp\/v2\/comments?post=4048"}],"version-history":[{"count":22,"href":"https:\/\/guryapi.com\/en\/wp-json\/wp\/v2\/pages\/4048\/revisions"}],"predecessor-version":[{"id":4878,"href":"https:\/\/guryapi.com\/en\/wp-json\/wp\/v2\/pages\/4048\/revisions\/4878"}],"wp:attachment":[{"href":"https:\/\/guryapi.com\/en\/wp-json\/wp\/v2\/media?parent=4048"}],"curies":[{"name":"wp","href":"https:\/\/api.w.org\/{rel}","templated":true}]}}