{"id":1743,"date":"2019-12-05T09:17:16","date_gmt":"2019-12-05T09:17:16","guid":{"rendered":"https:\/\/demoapus2.com\/rekon\/?page_id=1743"},"modified":"2023-11-27T13:29:57","modified_gmt":"2023-11-27T13:29:57","slug":"hakkimizda","status":"publish","type":"page","link":"https:\/\/guryapi.com\/en\/hakkimizda\/","title":{"rendered":"About Us"},"content":{"rendered":"<div data-elementor-type=\"wp-page\" data-elementor-id=\"1743\" class=\"elementor elementor-1743\">\n\t\t\t\t\t\t<section class=\"elementor-section elementor-top-section elementor-element elementor-element-5d38cf0 elementor-section-stretched elementor-section-boxed elementor-section-height-default elementor-section-height-default\" data-id=\"5d38cf0\" data-element_type=\"section\" data-settings=\"{&quot;stretch_section&quot;:&quot;section-stretched&quot;}\">\n\t\t\t\t\t\t<div class=\"elementor-container elementor-column-gap-extended\">\n\t\t\t\t\t<div class=\"elementor-column elementor-col-50 elementor-top-column elementor-element elementor-element-969133f\" data-id=\"969133f\" data-element_type=\"column\">\n\t\t\t<div class=\"elementor-widget-wrap elementor-element-populated\">\n\t\t\t\t\t\t<div class=\"elementor-element elementor-element-6c5a7ce elementor-widget elementor-widget-apus_element_banner\" data-id=\"6c5a7ce\" data-element_type=\"widget\" data-widget_type=\"apus_element_banner.default\">\n\t\t\t\t<div class=\"elementor-widget-container\">\n\t\t\t        <div class=\"widget-banner  style1\">\n                            <div class=\"banner-image-bg\" style=\"background-image:url(https:\/\/guryapi.com\/wp-content\/uploads\/2023\/02\/DJI_0012-1-scaled.jpg)\"><\/div>                   \n            \n            <div class=\"widget-banner-inner\">\n                                <div class=\"widget-banner-content\">\n                                    <\/div>\n                            <\/div>\n        <\/div>\n        \t\t<\/div>\n\t\t\t\t<\/div>\n\t\t\t\t\t<\/div>\n\t\t<\/div>\n\t\t\t\t<div class=\"elementor-column elementor-col-50 elementor-top-column elementor-element elementor-element-1058d42\" data-id=\"1058d42\" data-element_type=\"column\">\n\t\t\t<div class=\"elementor-widget-wrap elementor-element-populated\">\n\t\t\t\t\t\t<div class=\"elementor-element elementor-element-3bbd28b elementor-widget elementor-widget-heading\" data-id=\"3bbd28b\" data-element_type=\"widget\" data-widget_type=\"heading.default\">\n\t\t\t\t<div class=\"elementor-widget-container\">\n\t\t\t<h2 class=\"elementor-heading-title elementor-size-default\">About Us<\/h2>\t\t<\/div>\n\t\t\t\t<\/div>\n\t\t\t\t<div class=\"elementor-element elementor-element-a0f168d elementor-widget elementor-widget-heading\" data-id=\"a0f168d\" data-element_type=\"widget\" data-widget_type=\"heading.default\">\n\t\t\t\t<div class=\"elementor-widget-container\">\n\t\t\t<h3 class=\"elementor-heading-title elementor-size-default\">MORE THAN 30 YEARS OF EXPERIENCE<\/h3>\t\t<\/div>\n\t\t\t\t<\/div>\n\t\t\t\t<div class=\"elementor-element elementor-element-c427ff4 elementor-widget elementor-widget-heading\" data-id=\"c427ff4\" data-element_type=\"widget\" data-widget_type=\"heading.default\">\n\t\t\t\t<div class=\"elementor-widget-container\">\n\t\t\t<p class=\"elementor-heading-title elementor-size-default\">G\u00fcryap\u0131 leads the sector today by transferring its experience of more than 30 years to unique projects such as housing, shopping mall, business centre, amusement park constructions, infrastructure and landscaping works and restoration of historical monuments.\n\nG\u00fcryap\u0131, while producing professional solutions to improve the quality of life of the society, focuses its activities on people who constitute the basis of society.\n\nG\u00fcryap\u0131, which increases the living comfort of urban people with its employees who have adopted the use of technology and innovation with the goal of unconditional customer satisfaction, works to be beneficial to the society with the aim of transferring cultural and historical heritage to future generations under the best conditions.<\/p>\t\t<\/div>\n\t\t\t\t<\/div>\n\t\t\t\t<div class=\"elementor-element elementor-element-b2c97f8 elementor-hidden-desktop elementor-hidden-tablet elementor-hidden-mobile elementor-widget elementor-widget-apus_element_popup_video\" data-id=\"b2c97f8\" data-element_type=\"widget\" data-widget_type=\"apus_element_popup_video.default\">\n\t\t\t\t<div class=\"elementor-widget-container\">\n\t\t\t        <div class=\"widget-video  style2\">\n                        <div class=\"video-content\">\n                            <\/div>\n            <div class=\"video-wrapper-inner\">                \n                <div class=\"video-section-content\">\n                    <a class=\"popup-video button-video is-play\" href=\"#\">                            \n                        <div class=\"button-outer-circle has-scale-animation\"><\/div>\n                        <div class=\"button-outer-circle has-scale-animation has-delay-short\"><\/div>\n                        <div class=\"button-icon is-play\">\n                            <svg height=\"100%\" width=\"100%\" fill=\"#FFFFFF\">\n                                <polygon class=\"triangle\" points=\"5,0 30,15 5,30\" viewbox=\"0 0 30 15\"><\/polygon>\n                                <path class=\"path\" d=\"M5,0 L30,15 L5,30z\" fill=\"none\" stroke=\"#FFFFFF\" stroke-width=\"1\"><\/path>\n                            <\/svg>    \n                        <\/div> \n                                                    <div class=\"video-button-title\" >\n                               Promotional Video                            <\/div>\n                                                   \n                    <\/a>\n                <\/div>\n            <\/div>\n        <\/div>\n        \t\t<\/div>\n\t\t\t\t<\/div>\n\t\t\t\t\t<\/div>\n\t\t<\/div>\n\t\t\t\t\t<\/div>\n\t\t<\/section>\n\t\t\t\t<\/div>","protected":false},"excerpt":{"rendered":"<p>HAKKIMIZDA 30 YILI A\u015eKIN TECR\u00dcBE G\u00fcryap\u0131, 30 y\u0131l\u0131 a\u015fk\u0131n tecr\u00fcbesini \u00fcstlendi\u011fi konut, al\u0131\u015fveri\u015f merkezi, i\u015f merkezi, e\u011flence park\u0131 in\u015faatlar\u0131, altyap\u0131 ve \u00e7evre d\u00fczenlemeleri i\u015fleri yap\u0131m\u0131 ile tarih\u00ee eserlerin restorasyonu gibi benzersiz projelere aktarmak suretiyle g\u00fcn\u00fcm\u00fczde sekt\u00f6re y\u00f6n vermektedir. G\u00fcryap\u0131, toplumun ya\u015fam kalitesinin y\u00fckseltilmesi i\u00e7in profesyonel \u00e7\u00f6z\u00fcmler \u00fcretirken, faaliyetlerinin oda\u011f\u0131na toplumun temelini olu\u015fturan insan\u0131 almaktad\u0131r. Ko\u015fulsuz &hellip; <br \/><a href=\"https:\/\/guryapi.com\/en\/hakkimizda\/\" class=\"more-link\">Continue reading <span class=\"screen-reader-text\">About Us<\/span><\/a><\/p>","protected":false},"author":1,"featured_media":0,"parent":0,"menu_order":0,"comment_status":"closed","ping_status":"closed","template":"","meta":{"ngg_post_thumbnail":0,"footnotes":""},"class_list":["post-1743","page","type-page","status-publish","hentry"],"_links":{"self":[{"href":"https:\/\/guryapi.com\/en\/wp-json\/wp\/v2\/pages\/1743","targetHints":{"allow":["GET"]}}],"collection":[{"href":"https:\/\/guryapi.com\/en\/wp-json\/wp\/v2\/pages"}],"about":[{"href":"https:\/\/guryapi.com\/en\/wp-json\/wp\/v2\/types\/page"}],"author":[{"embeddable":true,"href":"https:\/\/guryapi.com\/en\/wp-json\/wp\/v2\/users\/1"}],"replies":[{"embeddable":true,"href":"https:\/\/guryapi.com\/en\/wp-json\/wp\/v2\/comments?post=1743"}],"version-history":[{"count":29,"href":"https:\/\/guryapi.com\/en\/wp-json\/wp\/v2\/pages\/1743\/revisions"}],"predecessor-version":[{"id":5226,"href":"https:\/\/guryapi.com\/en\/wp-json\/wp\/v2\/pages\/1743\/revisions\/5226"}],"wp:attachment":[{"href":"https:\/\/guryapi.com\/en\/wp-json\/wp\/v2\/media?parent=1743"}],"curies":[{"name":"wp","href":"https:\/\/api.w.org\/{rel}","templated":true}]}}