{"id":5211,"date":"2023-09-26T15:00:11","date_gmt":"2023-09-26T15:00:11","guid":{"rendered":"https:\/\/guryapi.com\/?page_id=5211"},"modified":"2023-09-26T15:01:55","modified_gmt":"2023-09-26T15:01:55","slug":"kamera-kaydina-iliskin-aydinlatma-metni","status":"publish","type":"page","link":"https:\/\/guryapi.com\/ar\/kamera-kaydina-iliskin-aydinlatma-metni\/","title":{"rendered":"Kamera Kayd\u0131na \u0130li\u015fkin Ayd\u0131nlatma Metni"},"content":{"rendered":"<div data-elementor-type=\"wp-page\" data-elementor-id=\"5211\" class=\"elementor elementor-5211\">\n\t\t\t\t\t\t<section class=\"elementor-section elementor-top-section elementor-element elementor-element-bdb0a20 elementor-section-boxed elementor-section-height-default elementor-section-height-default\" data-id=\"bdb0a20\" data-element_type=\"section\">\n\t\t\t\t\t\t<div class=\"elementor-container elementor-column-gap-default\">\n\t\t\t\t\t<div class=\"elementor-column elementor-col-100 elementor-top-column elementor-element elementor-element-8be5355\" data-id=\"8be5355\" data-element_type=\"column\">\n\t\t\t<div class=\"elementor-widget-wrap elementor-element-populated\">\n\t\t\t\t\t\t<div class=\"elementor-element elementor-element-bbe3909 elementor-widget elementor-widget-text-editor\" data-id=\"bbe3909\" data-element_type=\"widget\" data-widget_type=\"text-editor.default\">\n\t\t\t\t<div class=\"elementor-widget-container\">\n\t\t\t\t\t\t\t<h3><strong>G\u00fcrsoy Grup Hizmet Binas\u0131 \u0130\u00e7erisinde Yer Alan G\u00fcvenlik Kameralar\u0131 Hakk\u0131nda<\/strong><\/h3><h3><strong><a href=\"https:\/\/nitelikliveri.com\/etiket\/aydinlatma-metni\/\">Ayd\u0131nlatma Metni<\/a><\/strong><\/h3><ul><li>Bu ayd\u0131nlatma metni,\u00a0<a href=\"https:\/\/nitelikliveri.com\/etiket\/6698\/\">6698<\/a>say\u0131l\u0131 Ki\u015fisel Verilerin Korunmas\u0131 Kanununun 10. maddesi ile Ayd\u0131nlatma Y\u00fck\u00fcml\u00fcl\u00fc\u011f\u00fcn\u00fcn Yerine Getirilmesinde Uyulacak Usul ve Esaslar Hakk\u0131nda Tebli\u011f kapsam\u0131nda\u00a0<a href=\"https:\/\/nitelikliveri.com\/etiket\/veri-sorumlusu\/\">veri sorumlusu<\/a>\u00a0s\u0131fat\u0131yla G\u00fcrsoy Grup taraf\u0131ndan haz\u0131rlanm\u0131\u015ft\u0131r.<\/li><li>Hizmet binam\u0131z i\u00e7erisindeki <strong><u>ofis giri\u015f b\u00f6lgesi, ofis koridoru,<\/u><\/strong><strong><u> depolar ve teras b\u00f6lgesinde<\/u> <\/strong>bulunan toplam <strong><u>20<\/u><\/strong> adet g\u00fcvenlik kameras\u0131 vas\u0131tas\u0131yla ve bina g\u00fcvenli\u011finin sa\u011flanmas\u0131 amac\u0131yla g\u00f6r\u00fcnt\u00fc kayd\u0131 yap\u0131lmakta ve kay\u0131t i\u015flemi <strong><u>bilgi i\u015flem ve idari i\u015fler<\/u><\/strong> birimi taraf\u0131ndan denetlenmektedir.<\/li><li>S\u00f6z konusu\u00a0<a href=\"https:\/\/nitelikliveri.com\/etiket\/kisisel-veri\/\">ki\u015fisel veri<\/a>, Kanunun 5. Maddesinde yer alan \u201cveri sorumlusunun hukuki y\u00fck\u00fcml\u00fcl\u00fc\u011f\u00fcn\u00fc yerine getirebilmesi i\u00e7in zorunlu olmas\u0131\u201d ve \u201cilgili ki\u015finin temel hak ve \u00f6zg\u00fcrl\u00fcklerine zarar vermemek kayd\u0131yla, veri sorumlusunun me\u015fru menfaatleri i\u00e7in veri i\u015flenmesinin zorunlu olmas\u0131\u201d hukuki sebebine dayanarak otomatik yolla i\u015flenmektedir.<\/li><li>S\u00f6z konusu ki\u015fisel veriler hukuki uyu\u015fmazl\u0131klar\u0131n giderilmesi veya ilgili mevzuat\u0131 gere\u011fi\u00a0<a href=\"https:\/\/nitelikliveri.com\/etiket\/talep\/\">talep<\/a>halinde\u00a0<a href=\"https:\/\/nitelikliveri.com\/etiket\/adli-makamlar\/\">adli makamlar<\/a>\u00a0veya ilgili kolluk kuvvetlerine aktar\u0131labilecektir.<\/li><li>Kanun\u2019da belirtilen haklar\u0131n\u0131za ili\u015fkin ba\u015fvurular\u0131n\u0131z\u0131 Veri Sorumlusuna Ba\u015fvuru Usul ve Esaslar\u0131 Hakk\u0131nda Tebli\u011f\u2019de \u00f6ng\u00f6r\u00fclen ba\u015fvuru usullerine uygun olarak yapabilirsiniz. KVKK kapsam\u0131ndaki haklar\u0131n\u0131z\u0131 kullanmak ile ilgili talebinizi kimli\u011finizi tespit edecek belgeler ile birlikte; Karadeniz Mahallesi, <strong><u>Eski Edirne Asfalt Caddesi, No:408F\/Z016 Venezia Residance Gaziosmanpa\u015fa- ISTANBUL<\/u><\/strong> adresine, zarf\u0131n \u00fczerine \u201c<em>Ki\u015fisel Verilerin Korunmas\u0131 Kanunu Kapsam\u0131nda Bilgi Talebi<\/em>\u201d yaz\u0131lmas\u0131 suretiyle yap\u0131lacakt\u0131r.<\/li><\/ul><ol><li><strong>Noter kanal\u0131 ile tebligat g\u00f6nderilmesi yoluyla ba\u015fvuru yap\u0131lmas\u0131 halinde,<\/strong>yaz\u0131l\u0131 ba\u015fvuru, \u0130\u015fletmemizin <strong><u>Karadeniz Mahallesi, Eski Edirne Asfalt Caddesi, No:408F\/Z016 Venezia Residance Gaziosmanpa\u015fa- ISTANBUL<\/u><\/strong> adresine, zarf\u0131n \u00fczerine \u201c<em>Ki\u015fisel Verilerin Korunmas\u0131 Kanunu Kapsam\u0131nda Bilgi Talebi<\/em>\u201d yaz\u0131lmas\u0131 suretiyle yap\u0131lacakt\u0131r.<\/li><\/ol><p><strong>G\u00fcvenli elektronik imza ile imzalanarak Kay\u0131tl\u0131 Elektronik Posta (KEP) yoluyla ba\u015fvuru yap\u0131lmas\u0131 halinde,\u00a0<\/strong>yaz\u0131l\u0131 ba\u015fvuru, <a href=\"mailto:guryapirestorasyon@hs01.kep.tr\">guryapirestorasyon@hs01.kep.tr<\/a> e-posta hesab\u0131na, e-postan\u0131n konu b\u00f6l\u00fcm\u00fcne \u201c<em>Ki\u015fisel Verilerin Korunmas\u0131 Kanunu Bilgi Talebi<\/em>\u201d yaz\u0131lmas\u0131 suretiyle yap\u0131lacakt\u0131r.<\/p><ul><li>Kanunu\u2019nun 28\/2\u2019nci h\u00fckm\u00fc uyar\u0131nca ise;<\/li><\/ul><ol><li>Ki\u015fisel veri i\u015flemenin su\u00e7 i\u015flenmesinin \u00f6nlenmesi veya su\u00e7 soru\u015fturmas\u0131 i\u00e7in gerekli olmas\u0131,<\/li><li>\u0130lgili ki\u015finin kendisi taraf\u0131ndan alenile\u015ftirilmi\u015f ki\u015fisel verilerin i\u015flenmesi.<\/li><\/ol><p>Halleri mevcut olmas\u0131 durumunda Kanun\u2019un 11\u2019nci maddesinde belirtilen haklar\u0131n\u0131zdan yararlanman\u0131z m\u00fcmk\u00fcn olmayaca\u011f\u0131n\u0131 belirtmek isteriz.<\/p>\t\t\t\t\t\t<\/div>\n\t\t\t\t<\/div>\n\t\t\t\t\t<\/div>\n\t\t<\/div>\n\t\t\t\t\t<\/div>\n\t\t<\/section>\n\t\t\t\t<\/div>","protected":false},"excerpt":{"rendered":"<p>G\u00fcrsoy Grup Hizmet Binas\u0131 \u0130\u00e7erisinde Yer Alan G\u00fcvenlik Kameralar\u0131 Hakk\u0131nda Ayd\u0131nlatma Metni Bu ayd\u0131nlatma metni,\u00a06698say\u0131l\u0131 Ki\u015fisel Verilerin Korunmas\u0131 Kanununun 10. maddesi ile Ayd\u0131nlatma Y\u00fck\u00fcml\u00fcl\u00fc\u011f\u00fcn\u00fcn Yerine Getirilmesinde Uyulacak Usul ve Esaslar Hakk\u0131nda Tebli\u011f kapsam\u0131nda\u00a0veri sorumlusu\u00a0s\u0131fat\u0131yla G\u00fcrsoy Grup taraf\u0131ndan haz\u0131rlanm\u0131\u015ft\u0131r. Hizmet binam\u0131z i\u00e7erisindeki ofis giri\u015f b\u00f6lgesi, ofis koridoru, depolar ve teras b\u00f6lgesinde bulunan toplam 20 adet g\u00fcvenlik &hellip; <br \/><a href=\"https:\/\/guryapi.com\/ar\/kamera-kaydina-iliskin-aydinlatma-metni\/\" class=\"more-link\">Continue reading <span class=\"screen-reader-text\">Kamera Kayd\u0131na \u0130li\u015fkin Ayd\u0131nlatma Metni<\/span><\/a><\/p>","protected":false},"author":1,"featured_media":0,"parent":0,"menu_order":0,"comment_status":"closed","ping_status":"closed","template":"","meta":{"ngg_post_thumbnail":0,"footnotes":""},"class_list":["post-5211","page","type-page","status-publish","hentry"],"_links":{"self":[{"href":"https:\/\/guryapi.com\/ar\/wp-json\/wp\/v2\/pages\/5211","targetHints":{"allow":["GET"]}}],"collection":[{"href":"https:\/\/guryapi.com\/ar\/wp-json\/wp\/v2\/pages"}],"about":[{"href":"https:\/\/guryapi.com\/ar\/wp-json\/wp\/v2\/types\/page"}],"author":[{"embeddable":true,"href":"https:\/\/guryapi.com\/ar\/wp-json\/wp\/v2\/users\/1"}],"replies":[{"embeddable":true,"href":"https:\/\/guryapi.com\/ar\/wp-json\/wp\/v2\/comments?post=5211"}],"version-history":[{"count":5,"href":"https:\/\/guryapi.com\/ar\/wp-json\/wp\/v2\/pages\/5211\/revisions"}],"predecessor-version":[{"id":5216,"href":"https:\/\/guryapi.com\/ar\/wp-json\/wp\/v2\/pages\/5211\/revisions\/5216"}],"wp:attachment":[{"href":"https:\/\/guryapi.com\/ar\/wp-json\/wp\/v2\/media?parent=5211"}],"curies":[{"name":"wp","href":"https:\/\/api.w.org\/{rel}","templated":true}]}}