{"id":4048,"date":"2023-02-06T18:00:35","date_gmt":"2023-02-06T18:00:35","guid":{"rendered":"https:\/\/guryapi.com\/?page_id=4048"},"modified":"2023-02-27T09:04:09","modified_gmt":"2023-02-27T09:04:09","slug":"degerlerimiz","status":"publish","type":"page","link":"https:\/\/guryapi.com\/ar\/degerlerimiz\/","title":{"rendered":"\u0642\u064a\u0645\u0646\u0627"},"content":{"rendered":"<div data-elementor-type=\"wp-page\" data-elementor-id=\"4048\" class=\"elementor elementor-4048\">\n\t\t\t\t\t\t<section class=\"elementor-section elementor-top-section elementor-element elementor-element-bba1d66 elementor-section-boxed elementor-section-height-default elementor-section-height-default\" data-id=\"bba1d66\" data-element_type=\"section\">\n\t\t\t\t\t\t<div class=\"elementor-container elementor-column-gap-default\">\n\t\t\t\t\t<div class=\"elementor-column elementor-col-50 elementor-top-column elementor-element elementor-element-b5b99bf\" data-id=\"b5b99bf\" data-element_type=\"column\">\n\t\t\t<div class=\"elementor-widget-wrap elementor-element-populated\">\n\t\t\t\t\t\t<div class=\"elementor-element elementor-element-4704d1c elementor-widget elementor-widget-text-editor\" data-id=\"4704d1c\" data-element_type=\"widget\" data-widget_type=\"text-editor.default\">\n\t\t\t\t<div class=\"elementor-widget-container\">\n\t\t\t\t\t\t\t<h1 class=\"text-3xl font-poppins font-normal text-gray-900\"><strong>\u0627\u0644\u0627\u062d\u062a\u0631\u0627\u0645<\/strong><\/h1><div class=\"mt-2 text-sm font-light font-poppins text-gray-800 tracking-wider leading-loose\"><p>\u0628\u0635\u0641\u062a\u0646\u0627 \u063a\u0648\u0631\u064a\u0627\u0628\u064a \u0646\u062a\u062d\u0631\u0643 \u0645\u062f\u0631\u0643\u064a\u0646 \u0628\u0623\u0646 \u0623\u0647\u0645 \u0642\u064a\u0645\u0629 \u064a\u062c\u0628 \u0623\u0646 \u062a\u062a\u0645\u062a\u0639 \u0628\u0647\u0627 \u0627\u0644\u0625\u0646\u0633\u0627\u0646\u064a\u0629 \u0647\u064a \"\u0627\u0644\u0627\u062d\u062a\u0631\u0627\u0645\". \u0641\u064a \u0643\u0644 \u0645\u0634\u0631\u0648\u0639 \u0648\u0646\u0634\u0627\u0637 \u0646\u0636\u0639 \u062a\u0648\u0642\u064a\u0639\u0646\u0627 \u0639\u0644\u064a\u0647 \u0646\u062a\u0628\u0646\u0649 \u0641\u0647\u0645\u0627\u064b \u064a\u062d\u062a\u0631\u0645 \u0627\u0644\u0634\u062e\u0635\u064a\u0629 \u0627\u0644\u062c\u0633\u062f\u064a\u0629 \u0648\u0627\u0644\u0639\u0627\u0637\u0641\u064a\u0629 \u0644\u0644\u0623\u0641\u0631\u0627\u062f \u0641\u064a \u0645\u062c\u062a\u0645\u0639\u0646\u0627 \u0648\u064a\u062a\u0633\u0627\u0645\u062d \u0645\u0639 \u0627\u062e\u062a\u0644\u0627\u0641\u0627\u062a\u0647\u0645.<br \/><br \/>\u0646\u062d\u0635\u0644 \u0639\u0644\u0649 \u062d\u0645\u0627\u0633\u062a\u0646\u0627 \u0645\u0646 \u0627\u0644\u062b\u0631\u0648\u0627\u062a \u0627\u0644\u0631\u0648\u062d\u064a\u0629 \u0627\u0644\u062a\u064a \u0646\u062d\u0646 \u0639\u0644\u064a\u0647\u0627 \u0648\u062a\u0642\u0627\u0644\u064a\u062f \u0627\u0644\u0623\u0631\u0636 \u0627\u0644\u062a\u064a \u0646\u0639\u064a\u0634 \u0639\u0644\u064a\u0647\u0627. \u0644\u0647\u0630\u0627 \u0627\u0644\u0633\u0628\u0628 \u0646\u0639\u062a\u0646\u064a \u0628\u062b\u0642\u0627\u0641\u062a\u0646\u0627 \u0648\u0642\u064a\u0645\u0646\u0627 \u0648\u0646\u0646\u0641\u0630 \u0645\u0634\u0627\u0631\u064a\u0639 \u0646\u0645\u0648\u0630\u062c\u064a\u0629 \u0645\u0639 \u0627\u0644\u0627\u062d\u062a\u0631\u0627\u0645 \u0627\u0644\u0630\u064a \u0646\u062d\u0645\u0644\u0647 \u0644\u0644\u062b\u0642\u0629 \u0627\u0644\u0645\u0645\u0646\u0648\u062d\u0629 \u0644\u0646\u0627.<br \/><br \/>\u0645\u0639 \u0625\u0639\u0637\u0627\u0621 \u0627\u0644\u0623\u0648\u0644\u0648\u064a\u0629 \u0644\u0645\u0628\u062f\u0623 \u0627\u0644\u062d\u0633\u0627\u0633\u064a\u0629 \u0627\u0644\u0628\u064a\u0626\u064a\u0629 \u0641\u064a \u0639\u0645\u0644\u064a\u0627\u062a \u0645\u0634\u0627\u0631\u064a\u0639\u0646\u0627 \u0625\u0646\u0646\u0627 \u0646\u0633\u062a\u0648\u062d\u064a \u0645\u0646 \u0627\u0644\u0637\u0628\u064a\u0639\u0629 \u0627\u0644\u062a\u064a \u0647\u064a \u0633\u062e\u064a\u0629 \u0644\u062c\u0645\u064a\u0639 \u0627\u0644\u0643\u0627\u0626\u0646\u0627\u062a \u0627\u0644\u062d\u064a\u0629 \u0643\u0645\u0635\u062f\u0631 \u0644\u0644\u0625\u0644\u0647\u0627\u0645. \u0628\u0646\u0627\u0621\u064b \u0639\u0644\u0649 \u0623\u0647\u0645\u064a\u0629 \u0627\u0644\u0647\u064a\u0643\u0644 \u0627\u0644\u0630\u064a \u064a\u0645\u0633 \u0627\u0644\u0637\u0628\u064a\u0639\u0629 \u0648\u0627\u0644\u0645\u062c\u062a\u0645\u0639 \u0644\u0634\u0639\u0628\u0646\u0627 \u0633\u0646\u0648\u0627\u0635\u0644 \u0627\u062a\u062e\u0627\u0630 \u062e\u0637\u0648\u0627\u062a \u0645\u0644\u0645\u0648\u0633\u0629 \u0644\u0644\u062d\u0641\u0627\u0638 \u0639\u0644\u0649 \u062a\u0627\u0631\u064a\u062e\u0646\u0627 \u0648\u062a\u0642\u0627\u0644\u064a\u062f\u0646\u0627 \u062d\u064a\u0629 \u0641\u064a \u0627\u0644\u0645\u0633\u062a\u0642\u0628\u0644 \u0643\u0645\u0627 \u0646\u0641\u0639\u0644 \u0627\u0644\u064a\u0648\u0645.<\/p><\/div>\t\t\t\t\t\t<\/div>\n\t\t\t\t<\/div>\n\t\t\t\t\t<\/div>\n\t\t<\/div>\n\t\t\t\t<div class=\"elementor-column elementor-col-50 elementor-top-column elementor-element elementor-element-edc3bbe\" data-id=\"edc3bbe\" data-element_type=\"column\">\n\t\t\t<div class=\"elementor-widget-wrap elementor-element-populated\">\n\t\t\t\t\t\t<div class=\"elementor-element elementor-element-903dce2 elementor-widget elementor-widget-image\" data-id=\"903dce2\" data-element_type=\"widget\" data-widget_type=\"image.default\">\n\t\t\t\t<div class=\"elementor-widget-container\">\n\t\t\t\t\t\t\t\t\t\t\t\t\t<img fetchpriority=\"high\" decoding=\"async\" width=\"570\" height=\"524\" src=\"https:\/\/guryapi.com\/wp-content\/uploads\/2023\/02\/6c7c4693d0078326fd9727800.webp\" class=\"attachment-full size-full wp-image-4050\" alt=\"\" srcset=\"https:\/\/guryapi.com\/wp-content\/uploads\/2023\/02\/6c7c4693d0078326fd9727800.webp 570w, https:\/\/guryapi.com\/wp-content\/uploads\/2023\/02\/6c7c4693d0078326fd9727800-300x276.webp 300w, https:\/\/guryapi.com\/wp-content\/uploads\/2023\/02\/6c7c4693d0078326fd9727800-460x423.webp 460w\" sizes=\"(max-width: 570px) 100vw, 570px\" \/>\t\t\t\t\t\t\t\t\t\t\t\t\t<\/div>\n\t\t\t\t<\/div>\n\t\t\t\t\t<\/div>\n\t\t<\/div>\n\t\t\t\t\t<\/div>\n\t\t<\/section>\n\t\t\t\t<section class=\"elementor-section elementor-top-section elementor-element elementor-element-696e4b6 elementor-section-boxed elementor-section-height-default elementor-section-height-default\" data-id=\"696e4b6\" data-element_type=\"section\">\n\t\t\t\t\t\t<div class=\"elementor-container elementor-column-gap-default\">\n\t\t\t\t\t<div class=\"elementor-column elementor-col-50 elementor-top-column elementor-element elementor-element-447b683\" data-id=\"447b683\" data-element_type=\"column\">\n\t\t\t<div class=\"elementor-widget-wrap elementor-element-populated\">\n\t\t\t\t\t\t<div class=\"elementor-element elementor-element-a1e1191 elementor-widget elementor-widget-image\" data-id=\"a1e1191\" data-element_type=\"widget\" data-widget_type=\"image.default\">\n\t\t\t\t<div class=\"elementor-widget-container\">\n\t\t\t\t\t\t\t\t\t\t\t\t\t<img decoding=\"async\" width=\"570\" height=\"524\" src=\"https:\/\/guryapi.com\/wp-content\/uploads\/2023\/02\/deger.png\" class=\"attachment-full size-full wp-image-4358\" alt=\"\" srcset=\"https:\/\/guryapi.com\/wp-content\/uploads\/2023\/02\/deger.png 570w, https:\/\/guryapi.com\/wp-content\/uploads\/2023\/02\/deger-300x276.png 300w, https:\/\/guryapi.com\/wp-content\/uploads\/2023\/02\/deger-13x12.png 13w, https:\/\/guryapi.com\/wp-content\/uploads\/2023\/02\/deger-460x423.png 460w\" sizes=\"(max-width: 570px) 100vw, 570px\" \/>\t\t\t\t\t\t\t\t\t\t\t\t\t<\/div>\n\t\t\t\t<\/div>\n\t\t\t\t\t<\/div>\n\t\t<\/div>\n\t\t\t\t<div class=\"elementor-column elementor-col-50 elementor-top-column elementor-element elementor-element-97de529\" data-id=\"97de529\" data-element_type=\"column\">\n\t\t\t<div class=\"elementor-widget-wrap elementor-element-populated\">\n\t\t\t\t\t\t<div class=\"elementor-element elementor-element-08472e3 elementor-widget elementor-widget-text-editor\" data-id=\"08472e3\" data-element_type=\"widget\" data-widget_type=\"text-editor.default\">\n\t\t\t\t<div class=\"elementor-widget-container\">\n\t\t\t\t\t\t\t<h1 class=\"text-3xl font-poppins font-normal text-gray-900\"><strong>\u0627\u0644\u0645\u0633\u0624\u0648\u0644\u064a\u0629<\/strong><\/h1><div class=\"mt-2 text-sm font-light font-poppins text-gray-800 tracking-wider leading-loose\"><p>\u0625\u0646 \u0627\u062d\u062a\u0631\u0627\u0645 \u0627\u0644\u062e\u0637\u0648\u0637 \u0627\u0644\u0623\u062f\u0628\u064a\u0629 \u0648\u0627\u0644\u0623\u062e\u0644\u0627\u0642\u064a\u0629 \u0644\u0645\u062c\u062a\u0645\u0639\u0646\u0627 \u0647\u0648 \u0623\u062d\u062f \u0623\u0647\u0645 \u062e\u0637\u0648\u0637\u0646\u0627. \u0628\u0635\u0641\u062a\u0646\u0627 \u0634\u0631\u0643\u0629 \u063a\u0648\u0631\u064a\u0627\u0628\u064a \u0646\u062d\u0627\u0641\u0638 \u0639\u0644\u0649 \u0645\u0648\u0642\u0641\u0646\u0627 \u0627\u0644\u0645\u062d\u062a\u0631\u0645 \u062a\u062c\u0627\u0647 \u0627\u0644\u0639\u0642\u0644 \u0648\u0627\u0644\u062d\u0643\u0645\u0629 \u0648\u0627\u0644\u0641\u0643\u0631 \u0648\u0627\u0644\u062b\u0642\u0627\u0641\u0629 \u0648\u0627\u0644\u062d\u0643\u0645\u0629 \u0641\u064a \u062d\u064a\u0627\u062a\u0646\u0627 \u0627\u0644\u062a\u062c\u0627\u0631\u064a\u0629 \u0648\u0646\u062a\u062d\u0631\u0643 \u0648\u0641\u0642\u0627\u064b \u0644\u0645\u0628\u062f\u0623 \u0627\u062d\u062a\u0631\u0627\u0645 \u0642\u064a\u0645 \u0627\u0644\u0645\u062c\u062a\u0645\u0639 \u0648\u0646\u062d\u0631\u0635 \u0639\u0644\u0649 \u0627\u0644\u062a\u0648\u0642\u064a\u0639 \u0644\u0644\u0645\u0634\u0627\u0631\u064a\u0639 \u0627\u0644\u062a\u064a \u062a\u0645\u062b\u0644 \u0645\u0627 \u0647\u0648 \u0635\u062d\u064a\u062d \u0648\u0645\u0641\u064a\u062f \u0648\u0645\u0633\u062a\u062f\u0627\u0645 \u0644\u0634\u0639\u0628\u0646\u0627.<br \/><br \/>\u0646\u0631\u063a\u0628 \u0641\u064a \u0625\u0638\u0647\u0627\u0631 \u0645\u0633\u0624\u0648\u0644\u064a\u0629 \u0623\u0646 \u0646\u0643\u0648\u0646 \u0645\u062b\u0627\u0644\u0627\u064b \u064a\u062d\u062a\u0630\u0649 \u0628\u0647 \u0641\u064a \u0647\u0630\u0627 \u0627\u0644\u0642\u0637\u0627\u0639 \u0645\u0646 \u062e\u0644\u0627\u0644 \u0645\u0648\u0642\u0641\u0646\u0627 \u0627\u0644\u0641\u0639\u0627\u0644 \u0648\u0627\u0644\u0645\u062e\u062a\u0635 \u0641\u064a \u0627\u0644\u0645\u0634\u0627\u0631\u064a\u0639 \u0627\u0644\u062a\u064a \u0646\u062d\u0642\u0642\u0647\u0627 \u0628\u0645\u0627 \u064a\u062a\u0645\u0627\u0634\u0649 \u0645\u0639 \u0642\u064a\u0645\u0646\u0627 \u0627\u0644\u0648\u0637\u0646\u064a\u0629. \u0646\u0628\u0630\u0644 \u0642\u0635\u0627\u0631\u0649 \u062c\u0647\u062f\u0646\u0627 \u0645\u0639 \u0647\u0630\u0627 \u0627\u0644\u0648\u0639\u064a \u0644\u0644\u0645\u0633\u0627\u0647\u0645\u0629 \u0641\u064a \u0627\u0644\u0645\u0633\u062a\u0648\u0649 \u0627\u0644\u062b\u0642\u0627\u0641\u064a \u0648\u0627\u0644\u062a\u0639\u0644\u064a\u0645\u064a \u0644\u0644\u0645\u062c\u062a\u0645\u0639 \u0641\u064a \u0643\u0644 \u0645\u0634\u0631\u0648\u0639 \u0646\u0636\u0639 \u062a\u0648\u0642\u064a\u0639\u0646\u0627 \u0639\u0644\u064a\u0647.<br \/><br \/>\u062a\u0646\u0641\u0630 \u0634\u0643\u0631\u062a\u0646\u0627 \u0623\u0646\u0634\u0637\u062a\u0647\u0627 \u0628\u0645\u0628\u062f\u0623 \"\u0627\u0644\u0645\u0633\u0624\u0648\u0644\u064a\u0629 \u0639\u0646 \u0627\u0644\u062d\u0627\u0636\u0631 \u0648\u0627\u0644\u0645\u0633\u062a\u0642\u0628\u0644\" \u0648\u062a\u0639\u0645\u0644 \u0628\u0627\u0644\u0645\u0628\u062f\u0623 \u0627\u0644\u0623\u0633\u0627\u0633\u064a \"\u0627\u0644\u062d\u0633\u0627\u0633\u064a\u0629 \u062a\u062c\u0627\u0647 \u0627\u0644\u0628\u064a\u0626\u0629\" \u0641\u064a \u062c\u0645\u064a\u0639 \u0639\u0645\u0644\u064a\u0627\u062a\u0647\u0627 \u0627\u0644\u062a\u062c\u0627\u0631\u064a\u0629 \u0648\u062d\u064a\u0627\u062a\u0647\u0627 \u0627\u0644\u0627\u062c\u062a\u0645\u0627\u0639\u064a\u0629.<\/p><\/div>\t\t\t\t\t\t<\/div>\n\t\t\t\t<\/div>\n\t\t\t\t\t<\/div>\n\t\t<\/div>\n\t\t\t\t\t<\/div>\n\t\t<\/section>\n\t\t\t\t<section class=\"elementor-section elementor-top-section elementor-element elementor-element-6a646b7 elementor-section-boxed elementor-section-height-default elementor-section-height-default\" data-id=\"6a646b7\" data-element_type=\"section\">\n\t\t\t\t\t\t<div class=\"elementor-container elementor-column-gap-default\">\n\t\t\t\t\t<div class=\"elementor-column elementor-col-50 elementor-top-column elementor-element elementor-element-fb4353a\" data-id=\"fb4353a\" data-element_type=\"column\">\n\t\t\t<div class=\"elementor-widget-wrap elementor-element-populated\">\n\t\t\t\t\t\t<div class=\"elementor-element elementor-element-8fe7121 elementor-widget elementor-widget-text-editor\" data-id=\"8fe7121\" data-element_type=\"widget\" data-widget_type=\"text-editor.default\">\n\t\t\t\t<div class=\"elementor-widget-container\">\n\t\t\t\t\t\t\t<h1 class=\"text-3xl font-poppins font-normal text-gray-900\"><strong>\u0627\u0644\u0627\u0628\u062a\u0643\u0627\u0631<\/strong><\/h1><div class=\"mt-2 text-sm font-light font-poppins text-gray-800 tracking-wider leading-loose\"><p>\u0628\u0635\u0641\u062a\u0646\u0627 \u063a\u0648\u0631\u064a\u0627\u0628\u064a \u0646\u062f\u0639\u0645 \u0627\u0644\u062a\u063a\u064a\u064a\u0631 \u062f\u0627\u0626\u0645\u0627\u064b \u0641\u064a \u0625\u0637\u0627\u0631 \u0642\u064a\u0645\u0646\u0627 \u0648\u0645\u0628\u0627\u062f\u0626\u0646\u0627 \u0641\u064a \u0639\u0627\u0644\u0645 \u062f\u0627\u0626\u0645 \u0627\u0644\u062a\u0637\u0648\u0631 \u0648\u0627\u0644\u062a\u063a\u064a\u0631. \u0646\u062f\u0639\u0645 \u0627\u0644\u0623\u0641\u0643\u0627\u0631 \u0648\u0627\u0644\u0645\u0646\u062a\u062c\u0627\u062a \u0627\u0644\u062c\u062f\u064a\u062f\u0629 \u0645\u0646 \u062e\u0644\u0627\u0644 \u0625\u0639\u0637\u0627\u0621 \u0627\u0644\u0623\u0648\u0644\u0648\u064a\u0629 \u0644\u0644\u0627\u0628\u062a\u0643\u0627\u0631 \u0648\u0627\u0644\u062a\u0637\u0648\u064a\u0631 \u0644\u062a\u062d\u0642\u064a\u0642 \u0623\u0641\u0636\u0644 \u0625\u0646\u062c\u0627\u0632 \u0644\u0643\u0644 \u0645\u0634\u0631\u0648\u0639 \u0646\u0648\u0642\u0639 \u0639\u0644\u064a\u0647. \u0646\u062d\u0627\u0641\u0638 \u0639\u0644\u0649 \u0625\u0633\u062a\u0631\u0627\u062a\u064a\u062c\u064a\u0629 \u0648\u0623\u0647\u062f\u0627\u0641 \u0645\u0624\u0633\u0633\u062a\u0646\u0627 \u0645\u0646 \u062e\u0644\u0627\u0644 \u0627\u0644\u0639\u0645\u0644 \u0627\u0644\u0645\u0648\u062c\u0647 \u0646\u062d\u0648 \u0627\u0644\u0646\u062a\u0627\u0626\u062c \u0641\u064a \u062c\u0645\u064a\u0639 \u0645\u0634\u0627\u0631\u064a\u0639\u0646\u0627 \u0627\u0644\u062a\u064a \u0646\u0641\u0630\u0646\u0627\u0647\u0627 \u0645\u0639 \u0627\u0644\u0627\u0628\u062a\u0643\u0627\u0631\u0627\u062a \u0627\u0644\u062a\u064a \u064a\u062a\u0637\u0644\u0628\u0647\u0627 \u0627\u0644\u0639\u0635\u0631.<br \/><br \/>\u0641\u064a \u0645\u0634\u0627\u0631\u064a\u0639\u0646\u0627 \u0627\u0644\u062a\u064a \u0646\u0639\u0645\u0644 \u0641\u064a\u0647\u0627 \u0646\u0639\u062a\u0645\u062f\u0647 \u0646\u0645\u0648\u0630\u062c \u0627\u0644\u0639\u0645\u0644 \u0641\u064a \u0627\u0644\u0645\u0642\u0627\u0645 \u0627\u0644\u0623\u0648\u0644 \u0644\u0625\u0636\u0627\u0641\u0629 \u0642\u064a\u0645\u0629 \u0644\u0647\u0645 \u0648\u062a\u0642\u062f\u064a\u0645 \u062e\u062f\u0645\u0629 \u0628\u0623\u0639\u0644\u0649 \u062c\u0648\u062f\u0629 \u0645\u0646 \u062e\u0644\u0627\u0644 \u0627\u0644\u062d\u0641\u0627\u0638 \u0639\u0644\u0649 \u0631\u0636\u0627 \u0627\u0644\u0639\u0645\u0644\u0627\u0621 \u0641\u064a \u0627\u0644\u0645\u0642\u062f\u0645\u0629.<br \/><br \/>\u0625\u0646\u0646\u0627 \u0646\u062f\u0631\u0643 \u0623\u0646 \u0646\u0638\u0627\u0645 \u0639\u0645\u0644\u0646\u0627 \u0627\u0644\u0630\u064a \u0637\u0648\u0631\u0646\u0627\u0647 \u0648\u0641\u0642\u0627\u064b \u0644\u0644\u0642\u064a\u0645 \u0627\u0644\u0623\u062e\u0644\u0627\u0642\u064a\u0629 \u064a\u0643\u0645\u0646 \u0648\u0631\u0627\u0621 \u0646\u062c\u0627\u062d\u0646\u0627 \u0641\u064a \u0639\u0627\u0644\u0645 \u0627\u0644\u0623\u0639\u0645\u0627\u0644. \u0628\u0635\u0641\u062a\u0646\u0627 \u0634\u0631\u0643\u0629 \u063a\u0648\u0631\u064a\u0627\u0628\u064a \u0633\u0646\u0648\u0627\u0635\u0644 \u0627\u0644\u0639\u0645\u0644 \u0644\u0628\u0646\u0627\u0621 \u0645\u0633\u062a\u0642\u0628\u0644 \u0633\u0639\u064a\u062f \u0648\u062d\u062f\u064a\u062b \u062f\u0648\u0646 \u0627\u0644\u0645\u0633\u0627\u0633 \u0628\u0645\u0628\u062f\u0623 \"\u0627\u0644\u0639\u0645\u0644 \u0627\u0644\u0623\u062e\u0644\u0627\u0642\u064a\" \u0627\u0644\u0630\u064a \u0627\u0639\u062a\u0645\u062f\u0646\u0627\u0647 \u0645\u0646\u0630 \u0627\u0644\u064a\u0648\u0645 \u0627\u0644\u0623\u0648\u0644 \u0644\u062a\u0623\u0633\u064a\u0633\u0646\u0627.<\/p><\/div>\t\t\t\t\t\t<\/div>\n\t\t\t\t<\/div>\n\t\t\t\t\t<\/div>\n\t\t<\/div>\n\t\t\t\t<div class=\"elementor-column elementor-col-50 elementor-top-column elementor-element elementor-element-5a7e9e8\" data-id=\"5a7e9e8\" data-element_type=\"column\">\n\t\t\t<div class=\"elementor-widget-wrap elementor-element-populated\">\n\t\t\t\t\t\t<div class=\"elementor-element elementor-element-0d6d45a elementor-widget elementor-widget-image\" data-id=\"0d6d45a\" data-element_type=\"widget\" data-widget_type=\"image.default\">\n\t\t\t\t<div class=\"elementor-widget-container\">\n\t\t\t\t\t\t\t\t\t\t\t\t\t<img decoding=\"async\" width=\"570\" height=\"524\" src=\"https:\/\/guryapi.com\/wp-content\/uploads\/2023\/02\/6c7c4693d0078326fd9727801.webp\" class=\"attachment-full size-full wp-image-4051\" alt=\"\" srcset=\"https:\/\/guryapi.com\/wp-content\/uploads\/2023\/02\/6c7c4693d0078326fd9727801.webp 570w, https:\/\/guryapi.com\/wp-content\/uploads\/2023\/02\/6c7c4693d0078326fd9727801-300x276.webp 300w, https:\/\/guryapi.com\/wp-content\/uploads\/2023\/02\/6c7c4693d0078326fd9727801-460x423.webp 460w\" sizes=\"(max-width: 570px) 100vw, 570px\" \/>\t\t\t\t\t\t\t\t\t\t\t\t\t<\/div>\n\t\t\t\t<\/div>\n\t\t\t\t\t<\/div>\n\t\t<\/div>\n\t\t\t\t\t<\/div>\n\t\t<\/section>\n\t\t\t\t<\/div>","protected":false},"excerpt":{"rendered":"<p>SAYGI G\u00fcryap\u0131 olarak insanl\u0131\u011f\u0131n sahip olmas\u0131 gereken en \u00f6nemli de\u011ferin \u2018\u2019sayg\u0131\u2019\u2019 oldu\u011fu bilinciyle hareket ediyoruz. \u0130mzam\u0131z\u0131 att\u0131\u011f\u0131m\u0131z her proje ve faaliyette, bulundu\u011fumuz toplumdaki bireylerin hem fiziksel hem de duygusal ki\u015fili\u011fine sayg\u0131 g\u00f6steren, farkl\u0131l\u0131klar\u0131n\u0131 ho\u015f g\u00f6ren bir anlay\u0131\u015f\u0131 benimsiyoruz. Heyecan\u0131m\u0131z\u0131 var oldu\u011fumuz manevi zenginlikler ve \u00fczerinde ya\u015fad\u0131\u011f\u0131m\u0131z topraklar\u0131n gelene\u011finden al\u0131yoruz. Bu nedenle k\u00fclt\u00fcr\u00fcm\u00fcze ve de\u011ferlerimize sahip &hellip; <br \/><a href=\"https:\/\/guryapi.com\/ar\/degerlerimiz\/\" class=\"more-link\">Continue reading <span class=\"screen-reader-text\">\u0642\u064a\u0645\u0646\u0627<\/span><\/a><\/p>","protected":false},"author":1,"featured_media":0,"parent":0,"menu_order":0,"comment_status":"closed","ping_status":"closed","template":"","meta":{"ngg_post_thumbnail":0,"footnotes":""},"class_list":["post-4048","page","type-page","status-publish","hentry"],"_links":{"self":[{"href":"https:\/\/guryapi.com\/ar\/wp-json\/wp\/v2\/pages\/4048","targetHints":{"allow":["GET"]}}],"collection":[{"href":"https:\/\/guryapi.com\/ar\/wp-json\/wp\/v2\/pages"}],"about":[{"href":"https:\/\/guryapi.com\/ar\/wp-json\/wp\/v2\/types\/page"}],"author":[{"embeddable":true,"href":"https:\/\/guryapi.com\/ar\/wp-json\/wp\/v2\/users\/1"}],"replies":[{"embeddable":true,"href":"https:\/\/guryapi.com\/ar\/wp-json\/wp\/v2\/comments?post=4048"}],"version-history":[{"count":22,"href":"https:\/\/guryapi.com\/ar\/wp-json\/wp\/v2\/pages\/4048\/revisions"}],"predecessor-version":[{"id":4878,"href":"https:\/\/guryapi.com\/ar\/wp-json\/wp\/v2\/pages\/4048\/revisions\/4878"}],"wp:attachment":[{"href":"https:\/\/guryapi.com\/ar\/wp-json\/wp\/v2\/media?parent=4048"}],"curies":[{"name":"wp","href":"https:\/\/api.w.org\/{rel}","templated":true}]}}